{"id":3858,"date":"2023-10-24T15:46:13","date_gmt":"2023-10-24T15:46:13","guid":{"rendered":"https:\/\/padelsport.ee\/?post_type=product&#038;p=3858"},"modified":"2025-06-30T23:45:13","modified_gmt":"2025-06-30T20:45:13","slug":"sokid-naistele","status":"publish","type":"product","link":"https:\/\/padelsport.ee\/en\/product\/sokid-naistele\/","title":{"rendered":"Sokid naistele"},"content":{"rendered":"<p>Padelspordiks sobivad kvaliteetsed sokid, t\u00e4nu nende tugevdusele talla piirkonnas, mis takistab tossude sees libisemist.<\/p>\n<p>Nendel sokkidel on:<\/p>\n<p>&#8211; elastsus<\/p>\n<p>\u2013 tugi jalav\u00f5lvile;<\/p>\n<p>\u2013 tasased ja siledad \u00f5mblused varbapiirkonnas;<\/p>\n<p>\u2013 puuvillane tugevdus, mis parandab imavust ja h\u00f5\u00f5rdumist<\/p>\n<p>74% pol\u00fcamiid, 18% puuvill, 8% elastik.<\/p>\n<p>Eksklusiivne mudel, 100% portugali p\u00e4ritolu.<\/p>","protected":false},"excerpt":{"rendered":"<p>Padelspordiks sobivad kvaliteetsed sokid, t\u00e4nu nende tugevdusele talla piirkonnas, mis takistab tossude sees libisemist. Nendel sokkidel on: &#8211; elastsus \u2013 tugi jalav\u00f5lvile; \u2013 tasased ja siledad \u00f5mblused varbapiirkonnas; \u2013 puuvillane tugevdus, mis parandab imavust ja h\u00f5\u00f5rdumist 74% pol\u00fcamiid, 18% puuvill, 8% elastik. Eksklusiivne mudel, 100% portugali p\u00e4ritolu.<\/p>","protected":false},"featured_media":3870,"comment_status":"open","ping_status":"closed","template":"","meta":[],"product_brand":[],"product_cat":[62,47],"product_tag":[],"class_list":{"0":"post-3858","1":"product","2":"type-product","3":"status-publish","4":"has-post-thumbnail","6":"product_cat-sokid","7":"product_cat-riided","9":"first","10":"instock","11":"taxable","12":"shipping-taxable","13":"purchasable","14":"product-type-variable"},"wooqr_code":"","jetpack_sharing_enabled":true,"_links":{"self":[{"href":"https:\/\/padelsport.ee\/en\/wp-json\/wp\/v2\/product\/3858","targetHints":{"allow":["GET"]}}],"collection":[{"href":"https:\/\/padelsport.ee\/en\/wp-json\/wp\/v2\/product"}],"about":[{"href":"https:\/\/padelsport.ee\/en\/wp-json\/wp\/v2\/types\/product"}],"replies":[{"embeddable":true,"href":"https:\/\/padelsport.ee\/en\/wp-json\/wp\/v2\/comments?post=3858"}],"wp:featuredmedia":[{"embeddable":true,"href":"https:\/\/padelsport.ee\/en\/wp-json\/wp\/v2\/media\/3870"}],"wp:attachment":[{"href":"https:\/\/padelsport.ee\/en\/wp-json\/wp\/v2\/media?parent=3858"}],"wp:term":[{"taxonomy":"product_brand","embeddable":true,"href":"https:\/\/padelsport.ee\/en\/wp-json\/wp\/v2\/product_brand?post=3858"},{"taxonomy":"product_cat","embeddable":true,"href":"https:\/\/padelsport.ee\/en\/wp-json\/wp\/v2\/product_cat?post=3858"},{"taxonomy":"product_tag","embeddable":true,"href":"https:\/\/padelsport.ee\/en\/wp-json\/wp\/v2\/product_tag?post=3858"}],"curies":[{"name":"wp","href":"https:\/\/api.w.org\/{rel}","templated":true}]}}