{"id":3788,"date":"2023-10-23T18:31:53","date_gmt":"2023-10-23T18:31:53","guid":{"rendered":"https:\/\/padelsport.ee\/?post_type=product&#038;p=3788"},"modified":"2025-12-02T19:35:01","modified_gmt":"2025-12-02T17:35:01","slug":"premium-jakk-unisex","status":"publish","type":"product","link":"https:\/\/padelsport.ee\/en\/product\/premium-jakk-unisex\/","title":{"rendered":"Premium jakk, unisex"},"content":{"rendered":"<p>Kerge, mugav, hingav, vastupidav ja kiiresti kuivav.<\/p>\n<p>Spordikangas maksimaalse kvaliteediga, ideaalne k\u00f5rge f\u00fc\u00fcsilise koormusega spordi harrastamiseks.<\/p>\n<p>95% pol\u00fcester, 5% spandeks.<\/p>\n<p>Eksklusiivne mudel, 100% Portugali p\u00e4ritolu.<\/p>","protected":false},"excerpt":{"rendered":"<p>Kerge, mugav, hingav, vastupidav ja kiiresti kuivav. Spordikangas maksimaalse kvaliteediga, ideaalne k\u00f5rge f\u00fc\u00fcsilise koormusega spordi harrastamiseks. 95% pol\u00fcester, 5% spandeks. Eksklusiivne mudel, 100% Portugali p\u00e4ritolu.<\/p>","protected":false},"featured_media":3816,"comment_status":"closed","ping_status":"closed","template":"","meta":[],"product_brand":[],"product_cat":[47,88,82],"product_tag":[],"class_list":{"0":"post-3788","1":"product","2":"type-product","3":"status-publish","4":"has-post-thumbnail","6":"product_cat-riided","7":"product_cat-jakid-mehed","8":"product_cat-jakid","9":"pa_suurus-l","10":"pa_suurus-m","11":"pa_suurus-s","12":"pa_suurus-xl","13":"pa_suurus-xs","14":"pa_suurus-xxl","16":"first","17":"onbackorder","18":"purchasable","19":"product-type-variable"},"wooqr_code":"","jetpack_sharing_enabled":true,"_links":{"self":[{"href":"https:\/\/padelsport.ee\/en\/wp-json\/wp\/v2\/product\/3788","targetHints":{"allow":["GET"]}}],"collection":[{"href":"https:\/\/padelsport.ee\/en\/wp-json\/wp\/v2\/product"}],"about":[{"href":"https:\/\/padelsport.ee\/en\/wp-json\/wp\/v2\/types\/product"}],"replies":[{"embeddable":true,"href":"https:\/\/padelsport.ee\/en\/wp-json\/wp\/v2\/comments?post=3788"}],"wp:featuredmedia":[{"embeddable":true,"href":"https:\/\/padelsport.ee\/en\/wp-json\/wp\/v2\/media\/3816"}],"wp:attachment":[{"href":"https:\/\/padelsport.ee\/en\/wp-json\/wp\/v2\/media?parent=3788"}],"wp:term":[{"taxonomy":"product_brand","embeddable":true,"href":"https:\/\/padelsport.ee\/en\/wp-json\/wp\/v2\/product_brand?post=3788"},{"taxonomy":"product_cat","embeddable":true,"href":"https:\/\/padelsport.ee\/en\/wp-json\/wp\/v2\/product_cat?post=3788"},{"taxonomy":"product_tag","embeddable":true,"href":"https:\/\/padelsport.ee\/en\/wp-json\/wp\/v2\/product_tag?post=3788"}],"curies":[{"name":"wp","href":"https:\/\/api.w.org\/{rel}","templated":true}]}}