{"id":3757,"date":"2023-10-23T18:15:47","date_gmt":"2023-10-23T18:15:47","guid":{"rendered":"https:\/\/padelsport.ee\/?post_type=product&#038;p=3757"},"modified":"2025-06-30T23:45:13","modified_gmt":"2025-06-30T20:45:13","slug":"premium-jakk-meestele","status":"publish","type":"product","link":"https:\/\/padelsport.ee\/en\/product\/premium-jakk-meestele\/","title":{"rendered":"Premium jakk meestele"},"content":{"rendered":"<p>Kerge, mugav, hingav, vastupidav ja kiiresti kuivav.<\/p>\n<p>Spordikangas maksimaalse kvaliteediga, ideaalne k\u00f5rge f\u00fc\u00fcsilise koormusega spordi harrastamiseks.<\/p>\n<p>95% pol\u00fcester, 5% spandeks.<\/p>\n<p>Eksklusiivne mudel, 100% Portugali p\u00e4ritolu.<\/p>\n<table width=\"384\">\n<tbody>\n<tr>\n<td width=\"60\">Suuruste tabel<\/td>\n<td width=\"67\"><\/td>\n<td width=\"67\">Rinna\u00fcmberm\u00f5\u00f5t<\/td>\n<td width=\"62\">V\u00f6\u00f6\u00fcmberm\u00f5\u00f5t<\/td>\n<td width=\"64\">Puusa\u00fcmberm\u00f5\u00f5t<\/td>\n<\/tr>\n<tr>\n<td width=\"64\"><\/td>\n<td width=\"60\">S<\/td>\n<td width=\"67\">91-97<\/td>\n<td width=\"67\">78-84<\/td>\n<td width=\"62\">90-96<\/td>\n<td width=\"64\"><\/td>\n<\/tr>\n<tr>\n<td width=\"64\"><\/td>\n<td width=\"60\">M<\/td>\n<td width=\"67\">97-102<\/td>\n<td width=\"67\">85-90<\/td>\n<td width=\"62\">97-102<\/td>\n<td width=\"64\"><\/td>\n<\/tr>\n<tr>\n<td width=\"64\"><\/td>\n<td width=\"60\">L<\/td>\n<td width=\"67\">102-106<\/td>\n<td width=\"67\">90-94<\/td>\n<td width=\"62\">102-106<\/td>\n<td width=\"64\"><\/td>\n<\/tr>\n<tr>\n<td width=\"64\"><\/td>\n<td width=\"60\">XL<\/td>\n<td width=\"67\">106-110<\/td>\n<td width=\"67\">94-98<\/td>\n<td width=\"62\">106-110<\/td>\n<td width=\"64\"><\/td>\n<\/tr>\n<tr>\n<td width=\"64\"><\/td>\n<td width=\"60\">XXL<\/td>\n<td width=\"67\">110-120<\/td>\n<td width=\"67\">98-108<\/td>\n<td width=\"62\">110-120<\/td>\n<\/tr>\n<\/tbody>\n<\/table>","protected":false},"excerpt":{"rendered":"<p>Kerge, mugav, hingav, vastupidav ja kiiresti kuivav. Spordikangas maksimaalse kvaliteediga, ideaalne k\u00f5rge f\u00fc\u00fcsilise koormusega spordi harrastamiseks. 95% pol\u00fcester, 5% spandeks. Eksklusiivne mudel, 100% Portugali p\u00e4ritolu. Suuruste tabel Rinna\u00fcmberm\u00f5\u00f5t V\u00f6\u00f6\u00fcmberm\u00f5\u00f5t Puusa\u00fcmberm\u00f5\u00f5t S 91-97 78-84 90-96 M 97-102 85-90 97-102 L 102-106 90-94 102-106 XL 106-110 94-98 106-110 XXL 110-120 98-108 110-120<\/p>","protected":false},"featured_media":3787,"comment_status":"closed","ping_status":"closed","template":"","meta":[],"product_brand":[],"product_cat":[47,88],"product_tag":[],"class_list":{"0":"post-3757","1":"product","2":"type-product","3":"status-publish","4":"has-post-thumbnail","6":"product_cat-riided","7":"product_cat-jakid-mehed","8":"pa_suurus-l","9":"pa_suurus-m","10":"pa_suurus-s","11":"pa_suurus-xl","12":"pa_suurus-xxl","14":"first","15":"instock","16":"purchasable","17":"product-type-variable"},"wooqr_code":"","jetpack_sharing_enabled":true,"_links":{"self":[{"href":"https:\/\/padelsport.ee\/en\/wp-json\/wp\/v2\/product\/3757","targetHints":{"allow":["GET"]}}],"collection":[{"href":"https:\/\/padelsport.ee\/en\/wp-json\/wp\/v2\/product"}],"about":[{"href":"https:\/\/padelsport.ee\/en\/wp-json\/wp\/v2\/types\/product"}],"replies":[{"embeddable":true,"href":"https:\/\/padelsport.ee\/en\/wp-json\/wp\/v2\/comments?post=3757"}],"wp:featuredmedia":[{"embeddable":true,"href":"https:\/\/padelsport.ee\/en\/wp-json\/wp\/v2\/media\/3787"}],"wp:attachment":[{"href":"https:\/\/padelsport.ee\/en\/wp-json\/wp\/v2\/media?parent=3757"}],"wp:term":[{"taxonomy":"product_brand","embeddable":true,"href":"https:\/\/padelsport.ee\/en\/wp-json\/wp\/v2\/product_brand?post=3757"},{"taxonomy":"product_cat","embeddable":true,"href":"https:\/\/padelsport.ee\/en\/wp-json\/wp\/v2\/product_cat?post=3757"},{"taxonomy":"product_tag","embeddable":true,"href":"https:\/\/padelsport.ee\/en\/wp-json\/wp\/v2\/product_tag?post=3757"}],"curies":[{"name":"wp","href":"https:\/\/api.w.org\/{rel}","templated":true}]}}