{"id":3647,"date":"2023-10-23T15:15:17","date_gmt":"2023-10-23T15:15:17","guid":{"rendered":"https:\/\/padelsport.ee\/?post_type=product&#038;p=3647"},"modified":"2025-06-30T23:45:14","modified_gmt":"2025-06-30T20:45:14","slug":"top-naistele","status":"publish","type":"product","link":"https:\/\/padelsport.ee\/en\/product\/top-naistele\/","title":{"rendered":"Cork top naistele"},"content":{"rendered":"<p>Kerge, mugav, hingav, vastupidav ja kiiresti kuivav.<\/p>\n<p>Spordikangas maksimaalse kvaliteediga, ideaalne k\u00f5rge f\u00fc\u00fcsilise koormusega spordi harrastamiseks.<\/p>\n<p>Elastaan esik\u00fcljel ja k\u00fclgedel (90% pol\u00fcester, 10% spandeks), hingav kangas tagak\u00fcljel (50% puuvill, 50% pol\u00fcester).<\/p>\n<p>Eksklusiivne mudel, 100% Portugali p\u00e4ritolu.<\/p>\n<table width=\"384\">\n<tbody>\n<tr>\n<td width=\"60\">Suuruste tabel<\/td>\n<td width=\"67\"><\/td>\n<td width=\"67\">Rinna\u00fcmberm\u00f5\u00f5t<\/td>\n<td width=\"62\">V\u00f6\u00f6\u00fcmberm\u00f5\u00f5t<\/td>\n<td width=\"64\">Puusa\u00fcmberm\u00f5\u00f5t<\/td>\n<\/tr>\n<tr>\n<td width=\"64\"><\/td>\n<td width=\"60\">XS<\/td>\n<td width=\"67\">81-85<\/td>\n<td width=\"67\">62-67<\/td>\n<td width=\"62\">90-94<\/td>\n<td width=\"64\"><\/td>\n<\/tr>\n<tr>\n<td width=\"64\"><\/td>\n<td width=\"60\">S<\/td>\n<td width=\"67\">86-89<\/td>\n<td width=\"67\">68-71<\/td>\n<td width=\"62\">94-98<\/td>\n<td width=\"64\"><\/td>\n<\/tr>\n<tr>\n<td width=\"64\"><\/td>\n<td width=\"60\">M<\/td>\n<td width=\"67\">90-94<\/td>\n<td width=\"67\">72-75<\/td>\n<td width=\"62\">98-102<\/td>\n<td width=\"64\"><\/td>\n<\/tr>\n<tr>\n<td width=\"64\"><\/td>\n<td width=\"60\">L<\/td>\n<td width=\"67\">94-98<\/td>\n<td width=\"67\">76-79<\/td>\n<td width=\"62\">102-106<\/td>\n<td width=\"64\"><\/td>\n<\/tr>\n<tr>\n<td width=\"64\"><\/td>\n<td width=\"60\">XL<\/td>\n<td width=\"67\">98-104<\/td>\n<td width=\"67\">80-86<\/td>\n<td width=\"62\">106-112<\/td>\n<\/tr>\n<\/tbody>\n<\/table>","protected":false},"excerpt":{"rendered":"<p>Kerge, mugav, hingav, vastupidav ja kiiresti kuivav. Spordikangas maksimaalse kvaliteediga, ideaalne k\u00f5rge f\u00fc\u00fcsilise koormusega spordi harrastamiseks. Elastaan esik\u00fcljel ja k\u00fclgedel (90% pol\u00fcester, 10% spandeks), hingav kangas tagak\u00fcljel (50% puuvill, 50% pol\u00fcester). Eksklusiivne mudel, 100% Portugali p\u00e4ritolu. Suuruste tabel Rinna\u00fcmberm\u00f5\u00f5t V\u00f6\u00f6\u00fcmberm\u00f5\u00f5t Puusa\u00fcmberm\u00f5\u00f5t XS 81-85 62-67 90-94 S 86-89 68-71 94-98 M 90-94 72-75 98-102 L 94-98 [&hellip;]<\/p>\n","protected":false},"featured_media":3680,"comment_status":"closed","ping_status":"closed","template":"","meta":[],"product_brand":[],"product_cat":[47,78],"product_tag":[],"class_list":{"0":"post-3647","1":"product","2":"type-product","3":"status-publish","4":"has-post-thumbnail","6":"product_cat-riided","7":"product_cat-sargid-topid","8":"pa_suurus-l","9":"pa_suurus-m","10":"pa_suurus-s","11":"pa_suurus-xl","12":"pa_suurus-xs","14":"first","15":"instock","16":"purchasable","17":"product-type-variable"},"wooqr_code":"","jetpack_sharing_enabled":true,"_links":{"self":[{"href":"https:\/\/padelsport.ee\/en\/wp-json\/wp\/v2\/product\/3647","targetHints":{"allow":["GET"]}}],"collection":[{"href":"https:\/\/padelsport.ee\/en\/wp-json\/wp\/v2\/product"}],"about":[{"href":"https:\/\/padelsport.ee\/en\/wp-json\/wp\/v2\/types\/product"}],"replies":[{"embeddable":true,"href":"https:\/\/padelsport.ee\/en\/wp-json\/wp\/v2\/comments?post=3647"}],"wp:featuredmedia":[{"embeddable":true,"href":"https:\/\/padelsport.ee\/en\/wp-json\/wp\/v2\/media\/3680"}],"wp:attachment":[{"href":"https:\/\/padelsport.ee\/en\/wp-json\/wp\/v2\/media?parent=3647"}],"wp:term":[{"taxonomy":"product_brand","embeddable":true,"href":"https:\/\/padelsport.ee\/en\/wp-json\/wp\/v2\/product_brand?post=3647"},{"taxonomy":"product_cat","embeddable":true,"href":"https:\/\/padelsport.ee\/en\/wp-json\/wp\/v2\/product_cat?post=3647"},{"taxonomy":"product_tag","embeddable":true,"href":"https:\/\/padelsport.ee\/en\/wp-json\/wp\/v2\/product_tag?post=3647"}],"curies":[{"name":"wp","href":"https:\/\/api.w.org\/{rel}","templated":true}]}}