{"id":3606,"date":"2023-10-23T17:42:40","date_gmt":"2023-10-23T14:42:40","guid":{"rendered":"https:\/\/padelsport.ee\/?post_type=product&#038;p=3606"},"modified":"2025-12-02T19:33:52","modified_gmt":"2025-12-02T17:33:52","slug":"premium-dressipluus-meestele","status":"publish","type":"product","link":"https:\/\/padelsport.ee\/en\/product\/premium-dressipluus-meestele\/","title":{"rendered":"Premium dressipluus meestele"},"content":{"rendered":"<p>Dressipluus, millel on br\u00e4ndi CORK PADEL tikand, mugav, pehme ja soe.<\/p>\n<p>K\u00e4ngurutasku ja sisetasku lukuga.<\/p>\n<p>50% puuvill, 50% pol\u00fcester.<\/p>\n<p>Eksklusiivne mudel,<\/p>\n<p>100% Portugali p\u00e4ritolu.<\/p>\n<table width=\"384\">\n<tbody>\n<tr>\n<td width=\"60\">Suuruste tabel<\/td>\n<td width=\"67\"><\/td>\n<td width=\"67\">Rinna\u00fcmberm\u00f5\u00f5t<\/td>\n<td width=\"62\">V\u00f6\u00f6\u00fcmberm\u00f5\u00f5t<\/td>\n<td width=\"64\">Puusa\u00fcmberm\u00f5\u00f5t<\/td>\n<\/tr>\n<tr>\n<td width=\"64\"><\/td>\n<td width=\"60\">S<\/td>\n<td width=\"67\">91-97<\/td>\n<td width=\"67\">78-84<\/td>\n<td width=\"62\">90-96<\/td>\n<td width=\"64\"><\/td>\n<\/tr>\n<tr>\n<td width=\"64\"><\/td>\n<td width=\"60\">M<\/td>\n<td width=\"67\">97-102<\/td>\n<td width=\"67\">85-90<\/td>\n<td width=\"62\">97-102<\/td>\n<td width=\"64\"><\/td>\n<\/tr>\n<tr>\n<td width=\"64\"><\/td>\n<td width=\"60\">L<\/td>\n<td width=\"67\">102-106<\/td>\n<td width=\"67\">90-94<\/td>\n<td width=\"62\">102-106<\/td>\n<td width=\"64\"><\/td>\n<\/tr>\n<tr>\n<td width=\"64\"><\/td>\n<td width=\"60\">XL<\/td>\n<td width=\"67\">106-110<\/td>\n<td width=\"67\">94-98<\/td>\n<td width=\"62\">106-110<\/td>\n<td width=\"64\"><\/td>\n<\/tr>\n<tr>\n<td width=\"64\"><\/td>\n<td width=\"60\">XXL<\/td>\n<td width=\"67\">110-120<\/td>\n<td width=\"67\">98-108<\/td>\n<td width=\"62\">110-120<\/td>\n<\/tr>\n<\/tbody>\n<\/table>","protected":false},"excerpt":{"rendered":"<p>Dressipluus, millel on br\u00e4ndi CORK PADEL tikand, mugav, pehme ja soe. K\u00e4ngurutasku ja sisetasku lukuga. 50% puuvill, 50% pol\u00fcester. Eksklusiivne mudel, 100% Portugali p\u00e4ritolu. Suuruste tabel Rinna\u00fcmberm\u00f5\u00f5t V\u00f6\u00f6\u00fcmberm\u00f5\u00f5t Puusa\u00fcmberm\u00f5\u00f5t S 91-97 78-84 90-96 M 97-102 85-90 97-102 L 102-106 90-94 102-106 XL 106-110 94-98 106-110 XXL 110-120 98-108 110-120<\/p>","protected":false},"featured_media":3634,"comment_status":"closed","ping_status":"closed","template":"","meta":[],"product_brand":[],"product_cat":[87,47],"product_tag":[],"class_list":{"0":"post-3606","1":"product","2":"type-product","3":"status-publish","4":"has-post-thumbnail","6":"product_cat-dressid-mehed","7":"product_cat-riided","8":"pa_suurus-l","9":"pa_suurus-m","10":"pa_suurus-s","11":"pa_suurus-xl","12":"pa_suurus-xxl","14":"first","15":"onbackorder","16":"purchasable","17":"product-type-variable"},"wooqr_code":"","jetpack_sharing_enabled":true,"_links":{"self":[{"href":"https:\/\/padelsport.ee\/en\/wp-json\/wp\/v2\/product\/3606","targetHints":{"allow":["GET"]}}],"collection":[{"href":"https:\/\/padelsport.ee\/en\/wp-json\/wp\/v2\/product"}],"about":[{"href":"https:\/\/padelsport.ee\/en\/wp-json\/wp\/v2\/types\/product"}],"replies":[{"embeddable":true,"href":"https:\/\/padelsport.ee\/en\/wp-json\/wp\/v2\/comments?post=3606"}],"wp:featuredmedia":[{"embeddable":true,"href":"https:\/\/padelsport.ee\/en\/wp-json\/wp\/v2\/media\/3634"}],"wp:attachment":[{"href":"https:\/\/padelsport.ee\/en\/wp-json\/wp\/v2\/media?parent=3606"}],"wp:term":[{"taxonomy":"product_brand","embeddable":true,"href":"https:\/\/padelsport.ee\/en\/wp-json\/wp\/v2\/product_brand?post=3606"},{"taxonomy":"product_cat","embeddable":true,"href":"https:\/\/padelsport.ee\/en\/wp-json\/wp\/v2\/product_cat?post=3606"},{"taxonomy":"product_tag","embeddable":true,"href":"https:\/\/padelsport.ee\/en\/wp-json\/wp\/v2\/product_tag?post=3606"}],"curies":[{"name":"wp","href":"https:\/\/api.w.org\/{rel}","templated":true}]}}