{"id":3400,"date":"2023-10-22T12:23:18","date_gmt":"2023-10-22T12:23:18","guid":{"rendered":"https:\/\/padelsport.ee\/?post_type=product&#038;p=3400"},"modified":"2025-06-30T23:45:17","modified_gmt":"2025-06-30T20:45:17","slug":"t-sark-meestele-cork-team","status":"publish","type":"product","link":"https:\/\/padelsport.ee\/en\/product\/t-sark-meestele-cork-team\/","title":{"rendered":"T- s\u00e4rk meestele, Cork Team"},"content":{"rendered":"<p>Mugav, vastupidav ja kiiresti kuivav.<\/p>\n<p>100% orgaaniline puuvill<\/p>\n<p>Valmistatud vegan-s\u00f5bralikest materjalidest<\/p>\n<p>Eksklusiivne mudel,<\/p>\n<p>P\u00e4ristoluriik: Portugal<\/p>\n<table width=\"384\">\n<tbody>\n<tr>\n<td width=\"60\">Suuruste tabel<\/td>\n<td width=\"67\"><\/td>\n<td width=\"67\">Rinna\u00fcmberm\u00f5\u00f5t<\/td>\n<td width=\"62\">V\u00f6\u00f6\u00fcmberm\u00f5\u00f5t<\/td>\n<td width=\"64\">Puusa\u00fcmberm\u00f5\u00f5t<\/td>\n<\/tr>\n<tr>\n<td width=\"64\"><\/td>\n<td width=\"60\">S<\/td>\n<td width=\"67\">91-97<\/td>\n<td width=\"67\">78-84<\/td>\n<td width=\"62\">90-96<\/td>\n<td width=\"64\"><\/td>\n<\/tr>\n<tr>\n<td width=\"64\"><\/td>\n<td width=\"60\">M<\/td>\n<td width=\"67\">97-102<\/td>\n<td width=\"67\">85-90<\/td>\n<td width=\"62\">97-102<\/td>\n<td width=\"64\"><\/td>\n<\/tr>\n<tr>\n<td width=\"64\"><\/td>\n<td width=\"60\">L<\/td>\n<td width=\"67\">102-106<\/td>\n<td width=\"67\">90-94<\/td>\n<td width=\"62\">102-106<\/td>\n<td width=\"64\"><\/td>\n<\/tr>\n<tr>\n<td width=\"64\"><\/td>\n<td width=\"60\">XL<\/td>\n<td width=\"67\">106-110<\/td>\n<td width=\"67\">94-98<\/td>\n<td width=\"62\">106-110<\/td>\n<td width=\"64\"><\/td>\n<\/tr>\n<tr>\n<td width=\"64\"><\/td>\n<td width=\"60\">XXL<\/td>\n<td width=\"67\">110-120<\/td>\n<td width=\"67\">98-108<\/td>\n<td width=\"62\">110-120<\/td>\n<\/tr>\n<\/tbody>\n<\/table>","protected":false},"excerpt":{"rendered":"<p>Mugav, vastupidav ja kiiresti kuivav. 100% orgaaniline puuvill Valmistatud vegan-s\u00f5bralikest materjalidest Eksklusiivne mudel, P\u00e4ristoluriik: Portugal Suuruste tabel Rinna\u00fcmberm\u00f5\u00f5t V\u00f6\u00f6\u00fcmberm\u00f5\u00f5t Puusa\u00fcmberm\u00f5\u00f5t S 91-97 78-84 90-96 M 97-102 85-90 97-102 L 102-106 90-94 102-106 XL 106-110 94-98 106-110 XXL 110-120 98-108 110-120<\/p>","protected":false},"featured_media":3428,"comment_status":"closed","ping_status":"closed","template":"","meta":[],"product_brand":[],"product_cat":[47,85],"product_tag":[],"class_list":{"0":"post-3400","1":"product","2":"type-product","3":"status-publish","4":"has-post-thumbnail","6":"product_cat-riided","7":"product_cat-sargid","8":"pa_suurus-l","9":"pa_suurus-m","10":"pa_suurus-s","11":"pa_suurus-xl","13":"first","14":"instock","15":"purchasable","16":"product-type-variable"},"wooqr_code":"","jetpack_sharing_enabled":true,"_links":{"self":[{"href":"https:\/\/padelsport.ee\/en\/wp-json\/wp\/v2\/product\/3400","targetHints":{"allow":["GET"]}}],"collection":[{"href":"https:\/\/padelsport.ee\/en\/wp-json\/wp\/v2\/product"}],"about":[{"href":"https:\/\/padelsport.ee\/en\/wp-json\/wp\/v2\/types\/product"}],"replies":[{"embeddable":true,"href":"https:\/\/padelsport.ee\/en\/wp-json\/wp\/v2\/comments?post=3400"}],"wp:featuredmedia":[{"embeddable":true,"href":"https:\/\/padelsport.ee\/en\/wp-json\/wp\/v2\/media\/3428"}],"wp:attachment":[{"href":"https:\/\/padelsport.ee\/en\/wp-json\/wp\/v2\/media?parent=3400"}],"wp:term":[{"taxonomy":"product_brand","embeddable":true,"href":"https:\/\/padelsport.ee\/en\/wp-json\/wp\/v2\/product_brand?post=3400"},{"taxonomy":"product_cat","embeddable":true,"href":"https:\/\/padelsport.ee\/en\/wp-json\/wp\/v2\/product_cat?post=3400"},{"taxonomy":"product_tag","embeddable":true,"href":"https:\/\/padelsport.ee\/en\/wp-json\/wp\/v2\/product_tag?post=3400"}],"curies":[{"name":"wp","href":"https:\/\/api.w.org\/{rel}","templated":true}]}}