{"id":3347,"date":"2023-10-22T12:07:29","date_gmt":"2023-10-22T12:07:29","guid":{"rendered":"https:\/\/padelsport.ee\/?post_type=product&#038;p=3347"},"modified":"2025-06-30T23:45:17","modified_gmt":"2025-06-30T20:45:17","slug":"t-sark-naistele-cork-team","status":"publish","type":"product","link":"https:\/\/padelsport.ee\/en\/product\/t-sark-naistele-cork-team\/","title":{"rendered":"T- s\u00e4rk naistele, Cork Team"},"content":{"rendered":"<p>Mugav, vastupidav ja kiiresti kuivav.<\/p>\n<p>100% orgaaniline puuvill<\/p>\n<p>Valmistatud vegan-s\u00f5bralikest materjalidest<\/p>\n<p>Eksklusiivne mudel,<\/p>\n<p>P\u00e4ristoluriik: Portugal<\/p>\n<table width=\"384\">\n<tbody>\n<tr>\n<td width=\"60\">Suuruste tabel<\/td>\n<td width=\"67\"><\/td>\n<td width=\"67\">Rinna\u00fcmberm\u00f5\u00f5t<\/td>\n<td width=\"62\">V\u00f6\u00f6\u00fcmberm\u00f5\u00f5t<\/td>\n<td width=\"64\">Puusa\u00fcmberm\u00f5\u00f5t<\/td>\n<\/tr>\n<tr>\n<td width=\"64\"><\/td>\n<td width=\"60\">XS<\/td>\n<td width=\"67\">81-85<\/td>\n<td width=\"67\">62-67<\/td>\n<td width=\"62\">90-94<\/td>\n<td width=\"64\"><\/td>\n<\/tr>\n<tr>\n<td width=\"64\"><\/td>\n<td width=\"60\">S<\/td>\n<td width=\"67\">86-89<\/td>\n<td width=\"67\">68-71<\/td>\n<td width=\"62\">94-98<\/td>\n<td width=\"64\"><\/td>\n<\/tr>\n<tr>\n<td width=\"64\"><\/td>\n<td width=\"60\">M<\/td>\n<td width=\"67\">90-94<\/td>\n<td width=\"67\">72-75<\/td>\n<td width=\"62\">98-102<\/td>\n<td width=\"64\"><\/td>\n<\/tr>\n<tr>\n<td width=\"64\"><\/td>\n<td width=\"60\">L<\/td>\n<td width=\"67\">94-98<\/td>\n<td width=\"67\">76-79<\/td>\n<td width=\"62\">102-106<\/td>\n<td width=\"64\"><\/td>\n<\/tr>\n<tr>\n<td width=\"64\"><\/td>\n<td width=\"60\">XL<\/td>\n<td width=\"67\">98-104<\/td>\n<td width=\"67\">80-86<\/td>\n<td width=\"62\">106-112<\/td>\n<\/tr>\n<\/tbody>\n<\/table>","protected":false},"excerpt":{"rendered":"<p>Mugav, vastupidav ja kiiresti kuivav. 100% orgaaniline puuvill Valmistatud vegan-s\u00f5bralikest materjalidest Eksklusiivne mudel, P\u00e4ristoluriik: Portugal Suuruste tabel Rinna\u00fcmberm\u00f5\u00f5t V\u00f6\u00f6\u00fcmberm\u00f5\u00f5t Puusa\u00fcmberm\u00f5\u00f5t XS 81-85 62-67 90-94 S 86-89 68-71 94-98 M 90-94 72-75 98-102 L 94-98 76-79 102-106 XL 98-104 80-86 106-112<\/p>","protected":false},"featured_media":3399,"comment_status":"closed","ping_status":"closed","template":"","meta":[],"product_brand":[],"product_cat":[47,78],"product_tag":[],"class_list":{"0":"post-3347","1":"product","2":"type-product","3":"status-publish","4":"has-post-thumbnail","6":"product_cat-riided","7":"product_cat-sargid-topid","8":"pa_suurus-l","9":"pa_suurus-m","10":"pa_suurus-s","11":"pa_suurus-xs","13":"first","14":"instock","15":"taxable","16":"shipping-taxable","17":"purchasable","18":"product-type-variable"},"wooqr_code":"","jetpack_sharing_enabled":true,"_links":{"self":[{"href":"https:\/\/padelsport.ee\/en\/wp-json\/wp\/v2\/product\/3347","targetHints":{"allow":["GET"]}}],"collection":[{"href":"https:\/\/padelsport.ee\/en\/wp-json\/wp\/v2\/product"}],"about":[{"href":"https:\/\/padelsport.ee\/en\/wp-json\/wp\/v2\/types\/product"}],"replies":[{"embeddable":true,"href":"https:\/\/padelsport.ee\/en\/wp-json\/wp\/v2\/comments?post=3347"}],"wp:featuredmedia":[{"embeddable":true,"href":"https:\/\/padelsport.ee\/en\/wp-json\/wp\/v2\/media\/3399"}],"wp:attachment":[{"href":"https:\/\/padelsport.ee\/en\/wp-json\/wp\/v2\/media?parent=3347"}],"wp:term":[{"taxonomy":"product_brand","embeddable":true,"href":"https:\/\/padelsport.ee\/en\/wp-json\/wp\/v2\/product_brand?post=3347"},{"taxonomy":"product_cat","embeddable":true,"href":"https:\/\/padelsport.ee\/en\/wp-json\/wp\/v2\/product_cat?post=3347"},{"taxonomy":"product_tag","embeddable":true,"href":"https:\/\/padelsport.ee\/en\/wp-json\/wp\/v2\/product_tag?post=3347"}],"curies":[{"name":"wp","href":"https:\/\/api.w.org\/{rel}","templated":true}]}}