{"id":3278,"date":"2023-10-22T10:44:54","date_gmt":"2023-10-22T10:44:54","guid":{"rendered":"https:\/\/padelsport.ee\/?post_type=product&#038;p=3278"},"modified":"2025-06-30T23:45:17","modified_gmt":"2025-06-30T20:45:17","slug":"padeliseelik-premium","status":"publish","type":"product","link":"https:\/\/padelsport.ee\/en\/product\/padeliseelik-premium\/","title":{"rendered":"Padeliseelik Premium"},"content":{"rendered":"<p>Kerge, mugav, hingav, vastupidav ja kiiresti kuivav.<\/p>\n<p>Tehniline spordikangas maksimaalse kvaliteediga, ideaalne k\u00f5rge f\u00fc\u00fcsilise koormusega spordi harrastamiseks.<\/p>\n<p>90% pol\u00fcester 10% spandeks.<\/p>\n<p>Eksklusiivne mudel, 100% Portugali p\u00e4ritolu.<\/p>\n<table width=\"384\">\n<tbody>\n<tr>\n<td width=\"60\">Suuruste tabel<\/td>\n<td width=\"67\">&nbsp;<\/td>\n<td width=\"67\">Rinna\u00fcmberm\u00f5\u00f5t<\/td>\n<td width=\"62\">V\u00f6\u00f6\u00fcmberm\u00f5\u00f5t<\/td>\n<td width=\"64\">Puusa\u00fcmberm\u00f5\u00f5t<\/td>\n<\/tr>\n<tr>\n<td width=\"64\"><\/td>\n<td width=\"60\">XS<\/td>\n<td width=\"67\">81-85<\/td>\n<td width=\"67\">62-67<\/td>\n<td width=\"62\">90-94<\/td>\n<td width=\"64\"><\/td>\n<\/tr>\n<tr>\n<td width=\"64\"><\/td>\n<td width=\"60\">S<\/td>\n<td width=\"67\">86-89<\/td>\n<td width=\"67\">68-71<\/td>\n<td width=\"62\">94-98<\/td>\n<td width=\"64\"><\/td>\n<\/tr>\n<tr>\n<td width=\"64\"><\/td>\n<td width=\"60\">M<\/td>\n<td width=\"67\">90-94<\/td>\n<td width=\"67\">72-75<\/td>\n<td width=\"62\">98-102<\/td>\n<td width=\"64\"><\/td>\n<\/tr>\n<tr>\n<td width=\"64\"><\/td>\n<td width=\"60\">L<\/td>\n<td width=\"67\">94-98<\/td>\n<td width=\"67\">76-79<\/td>\n<td width=\"62\">102-106<\/td>\n<td width=\"64\"><\/td>\n<\/tr>\n<tr>\n<td width=\"64\"><\/td>\n<td width=\"60\">XL<\/td>\n<td width=\"67\">98-104<\/td>\n<td width=\"67\">80-86<\/td>\n<td width=\"62\">106-112<\/td>\n<\/tr>\n<\/tbody>\n<\/table>","protected":false},"excerpt":{"rendered":"<p>Kerge, mugav, hingav, vastupidav ja kiiresti kuivav. Tehniline spordikangas maksimaalse kvaliteediga, ideaalne k\u00f5rge f\u00fc\u00fcsilise koormusega spordi harrastamiseks. 90% pol\u00fcester 10% spandeks. Eksklusiivne mudel, 100% Portugali p\u00e4ritolu. Suuruste tabel &nbsp; Rinna\u00fcmberm\u00f5\u00f5t V\u00f6\u00f6\u00fcmberm\u00f5\u00f5t Puusa\u00fcmberm\u00f5\u00f5t XS 81-85 62-67 90-94 S 86-89 68-71 94-98 M 90-94 72-75 98-102 L 94-98 76-79 102-106 XL 98-104 80-86 106-112<\/p>","protected":false},"featured_media":3345,"comment_status":"closed","ping_status":"closed","template":"","meta":[],"product_brand":[],"product_cat":[47,80],"product_tag":[],"class_list":{"0":"post-3278","1":"product","2":"type-product","3":"status-publish","4":"has-post-thumbnail","6":"product_cat-riided","7":"product_cat-seelikud","8":"pa_suurus-l","9":"pa_suurus-m","10":"pa_suurus-s","11":"pa_suurus-xl","12":"pa_suurus-xs","14":"first","15":"instock","16":"taxable","17":"shipping-taxable","18":"purchasable","19":"product-type-variable"},"wooqr_code":"","jetpack_sharing_enabled":true,"_links":{"self":[{"href":"https:\/\/padelsport.ee\/en\/wp-json\/wp\/v2\/product\/3278","targetHints":{"allow":["GET"]}}],"collection":[{"href":"https:\/\/padelsport.ee\/en\/wp-json\/wp\/v2\/product"}],"about":[{"href":"https:\/\/padelsport.ee\/en\/wp-json\/wp\/v2\/types\/product"}],"replies":[{"embeddable":true,"href":"https:\/\/padelsport.ee\/en\/wp-json\/wp\/v2\/comments?post=3278"}],"wp:featuredmedia":[{"embeddable":true,"href":"https:\/\/padelsport.ee\/en\/wp-json\/wp\/v2\/media\/3345"}],"wp:attachment":[{"href":"https:\/\/padelsport.ee\/en\/wp-json\/wp\/v2\/media?parent=3278"}],"wp:term":[{"taxonomy":"product_brand","embeddable":true,"href":"https:\/\/padelsport.ee\/en\/wp-json\/wp\/v2\/product_brand?post=3278"},{"taxonomy":"product_cat","embeddable":true,"href":"https:\/\/padelsport.ee\/en\/wp-json\/wp\/v2\/product_cat?post=3278"},{"taxonomy":"product_tag","embeddable":true,"href":"https:\/\/padelsport.ee\/en\/wp-json\/wp\/v2\/product_tag?post=3278"}],"curies":[{"name":"wp","href":"https:\/\/api.w.org\/{rel}","templated":true}]}}