{"id":3150,"date":"2023-09-01T07:14:03","date_gmt":"2023-09-01T07:14:03","guid":{"rendered":"https:\/\/padelsport.ee\/?post_type=product&#038;p=3150"},"modified":"2025-07-01T18:48:06","modified_gmt":"2025-07-01T15:48:06","slug":"mochila-siux-trail-2-0","status":"publish","type":"product","link":"https:\/\/padelsport.ee\/en\/product\/mochila-siux-trail-2-0\/","title":{"rendered":"MOCHILA SIUX TRAIL 2.0"},"content":{"rendered":"<p><strong>MOCHILA SIUX TRAIL 2.0, MUGAV JA STIILNE<\/strong><\/p>\n<p>Siux Trail 2.0 seljakott on t\u00e4iuslik aksessuaar, et transportida oma padelireketeid ja tarvikud mugavalt, praktiliselt ja turvaliselt. Seljakotil on suured taskud, kuhu saate k\u00f5ik m\u00e4nguks vajaliku organiseerida. See on kerge ja suure mahutavusega.<\/p>\n<p>Seljakotil on j\u00e4rgmised omadused:<\/p>\n<ul>\n<li>Peasahtel, kuhu mahuvad padelireketid.<\/li>\n<li>K\u00fclgedel olevad v\u00f5rgust taskud tarvikute, pallikarpide v\u00f5i veepudelite hoidmiseks.<\/li>\n<li>Vahepealne osa jalatsitele.<\/li>\n<li>Pehmed sangad parema mugavuse tagamiseks.<\/li>\n<li>T\u00f5mblukuga sulgemine.<\/li>\n<li>\u00dclemine sang.<\/li>\n<li>Pehme seljapaneel.<\/li>\n<li>V\u00e4ikesed taskud isiklike esemete jaoks.<\/li>\n<\/ul>","protected":false},"excerpt":{"rendered":"<p>MOCHILA SIUX TRAIL 2.0, MUGAV JA STIILNE Siux Trail 2.0 seljakott on t\u00e4iuslik aksessuaar, et transportida oma padelireketeid ja tarvikud mugavalt, praktiliselt ja turvaliselt. Seljakotil on suured taskud, kuhu saate k\u00f5ik m\u00e4nguks vajaliku organiseerida. See on kerge ja suure mahutavusega. Seljakotil on j\u00e4rgmised omadused: Peasahtel, kuhu mahuvad padelireketid. K\u00fclgedel olevad v\u00f5rgust taskud tarvikute, pallikarpide v\u00f5i [&hellip;]<\/p>\n","protected":false},"featured_media":3160,"comment_status":"open","ping_status":"closed","template":"","meta":[],"product_brand":[],"product_cat":[56,30],"product_tag":[],"class_list":{"0":"post-3150","1":"product","2":"type-product","3":"status-publish","4":"has-post-thumbnail","6":"product_cat-siux-kotid","7":"product_cat-kotid","9":"first","10":"instock","11":"taxable","12":"shipping-taxable","13":"purchasable","14":"product-type-variable"},"wooqr_code":"","jetpack_sharing_enabled":true,"_links":{"self":[{"href":"https:\/\/padelsport.ee\/en\/wp-json\/wp\/v2\/product\/3150","targetHints":{"allow":["GET"]}}],"collection":[{"href":"https:\/\/padelsport.ee\/en\/wp-json\/wp\/v2\/product"}],"about":[{"href":"https:\/\/padelsport.ee\/en\/wp-json\/wp\/v2\/types\/product"}],"replies":[{"embeddable":true,"href":"https:\/\/padelsport.ee\/en\/wp-json\/wp\/v2\/comments?post=3150"}],"wp:featuredmedia":[{"embeddable":true,"href":"https:\/\/padelsport.ee\/en\/wp-json\/wp\/v2\/media\/3160"}],"wp:attachment":[{"href":"https:\/\/padelsport.ee\/en\/wp-json\/wp\/v2\/media?parent=3150"}],"wp:term":[{"taxonomy":"product_brand","embeddable":true,"href":"https:\/\/padelsport.ee\/en\/wp-json\/wp\/v2\/product_brand?post=3150"},{"taxonomy":"product_cat","embeddable":true,"href":"https:\/\/padelsport.ee\/en\/wp-json\/wp\/v2\/product_cat?post=3150"},{"taxonomy":"product_tag","embeddable":true,"href":"https:\/\/padelsport.ee\/en\/wp-json\/wp\/v2\/product_tag?post=3150"}],"curies":[{"name":"wp","href":"https:\/\/api.w.org\/{rel}","templated":true}]}}