{"id":1081,"date":"2022-01-03T13:03:39","date_gmt":"2022-01-03T13:03:39","guid":{"rendered":"https:\/\/padelsport.ee\/product\/lw-summum-carbon-black\/"},"modified":"2025-11-18T11:16:21","modified_gmt":"2025-11-18T09:16:21","slug":"lw-summum-carbon-black","status":"publish","type":"product","link":"https:\/\/padelsport.ee\/en\/product\/lw-summum-carbon-black\/","title":{"rendered":"Varlion LW Summum Carbon Black"},"content":{"rendered":"<p data-start=\"479\" data-end=\"785\">Varlion LW Summum Carbon Black on loodud m\u00e4ngijale, kes hindab oma varustuses mitmek\u00fclgsust, s\u00fcgavat m\u00e4ngutunnetust ja tipptasemel materjale. See reket sobib eelk\u00f5ige kontrollile ja m\u00e4ngutunnetusele suunatud m\u00e4ngustiilile ning sobib nii tagaliinil m\u00e4ngimiseks kui v\u00f5rku nihkuvatele liikuvatele m\u00e4ngijatele.<\/p>\n<p data-start=\"787\" data-end=\"1136\">Reketil on \u00fcmar kuju (round), mis pakub suuremat l\u00f6\u00f6gipinda (\u201esweet spot\u201d) ning lihtsamat ja mugavamat m\u00e4ngukogemust. S\u00fcsinikkiust raam ja l\u00f6\u00f6gipinnad koos keskmise k\u00f5vadusega Hypersoft EVA tuumaga tagavad sujuva m\u00e4ngutunde, stabiilsuse ja t\u00e4psuse. Konstruktsioon toetab samuti spinni- ja efektl\u00f6\u00f6kide kasutamist t\u00e4nu karastatud tekstuuriga pinnale.<\/p>\n<p data-start=\"1138\" data-end=\"1447\">Reketi tasakaal on pigem k\u00e4e poole kaldub (madalam tasakaalupunkt), mis teeb liikumise ja haardespetsiifilise m\u00e4ngu mugavamaks. Premium-klass materjalid ja konstruktsioon ei j\u00e4ta muljet ainult m\u00e4ngum\u00f5ttes, vaid ka visuaalselt ning tunnetuslikult \u2014 sobides h\u00e4sti m\u00e4ngijale, kes v\u00e4\u00e4rtustab kvaliteeti ja stiili.<\/p>\n<h3 data-start=\"1454\" data-end=\"1484\"><strong data-start=\"1458\" data-end=\"1484\">Miks valida see reket?<\/strong><\/h3>\n<ul data-start=\"1485\" data-end=\"1823\">\n<li data-start=\"1485\" data-end=\"1544\">\n<p data-start=\"1487\" data-end=\"1544\">Erakordne kontroll ja m\u00e4ngutunnetus t\u00e4nu \u00fcmarale kujule<\/p>\n<\/li>\n<li data-start=\"1545\" data-end=\"1647\">\n<p data-start=\"1547\" data-end=\"1647\">S\u00fcsinikkiust konstruktsioon ja premium materjalid tagavad kvaliteedi, stabiilsuse ja vastupidavuse<\/p>\n<\/li>\n<li data-start=\"1648\" data-end=\"1728\">\n<p data-start=\"1650\" data-end=\"1728\">Sobib m\u00e4ngijale, kes soovib mitmek\u00fclgsust \u2013 nii tagaliinil kui v\u00f5rgu l\u00e4hedal<\/p>\n<\/li>\n<li data-start=\"1729\" data-end=\"1823\">\n<p data-start=\"1731\" data-end=\"1823\">Ideaalne valik neile, kes hindavad kontrolli ja mugavust rohkem kui maksimaalset j\u00f5udu<\/p>\n<\/li>\n<\/ul>","protected":false},"excerpt":{"rendered":"<p>Varlion LW Summum Carbon Black on premium-klassi padelireket kontrollile suunatud m\u00e4ngijale. \u00dcmmargune kujundus, s\u00fcsinikkiust konstruktsioon ja Summum-tehnoloogia loovad sujuva m\u00e4ngutunde, suure l\u00f6\u00f6gipinna ning t\u00e4pse kontrolli.<\/p>","protected":false},"featured_media":1082,"comment_status":"open","ping_status":"closed","template":"","meta":[],"product_brand":[],"product_cat":[40,147,152,146,130],"product_tag":[],"class_list":{"0":"post-1081","1":"product","2":"type-product","3":"status-publish","4":"has-post-thumbnail","6":"product_cat-padelireketid","7":"product_cat-edasijoudnud","8":"product_cat-joulupakkumised","9":"product_cat-kesktase","10":"product_cat-varlion","12":"first","13":"instock","14":"sale","15":"taxable","16":"shipping-taxable","17":"purchasable","18":"product-type-simple"},"wooqr_code":"","jetpack_sharing_enabled":true,"_links":{"self":[{"href":"https:\/\/padelsport.ee\/en\/wp-json\/wp\/v2\/product\/1081","targetHints":{"allow":["GET"]}}],"collection":[{"href":"https:\/\/padelsport.ee\/en\/wp-json\/wp\/v2\/product"}],"about":[{"href":"https:\/\/padelsport.ee\/en\/wp-json\/wp\/v2\/types\/product"}],"replies":[{"embeddable":true,"href":"https:\/\/padelsport.ee\/en\/wp-json\/wp\/v2\/comments?post=1081"}],"wp:featuredmedia":[{"embeddable":true,"href":"https:\/\/padelsport.ee\/en\/wp-json\/wp\/v2\/media\/1082"}],"wp:attachment":[{"href":"https:\/\/padelsport.ee\/en\/wp-json\/wp\/v2\/media?parent=1081"}],"wp:term":[{"taxonomy":"product_brand","embeddable":true,"href":"https:\/\/padelsport.ee\/en\/wp-json\/wp\/v2\/product_brand?post=1081"},{"taxonomy":"product_cat","embeddable":true,"href":"https:\/\/padelsport.ee\/en\/wp-json\/wp\/v2\/product_cat?post=1081"},{"taxonomy":"product_tag","embeddable":true,"href":"https:\/\/padelsport.ee\/en\/wp-json\/wp\/v2\/product_tag?post=1081"}],"curies":[{"name":"wp","href":"https:\/\/api.w.org\/{rel}","templated":true}]}}