{"id":962,"date":"2023-03-22T11:28:22","date_gmt":"2023-03-22T11:28:22","guid":{"rendered":"https:\/\/padelsport.ee\/?page_id=962"},"modified":"2025-11-29T21:41:07","modified_gmt":"2025-11-29T19:41:07","slug":"muugitingimused","status":"publish","type":"page","link":"https:\/\/padelsport.ee\/en\/muugitingimused\/","title":{"rendered":"Terms of sale"},"content":{"rendered":"<p><a href=\"https:\/\/padelsport.ee\/wp-content\/uploads\/2023\/03\/Taganemisavaldus-2.docx\" target=\"_blank\" rel=\"noopener\">Taganemisavaldus<\/a><\/p>\n<h3><b>M\u00dc\u00dcGITINGIMUSED<\/b><\/h3>\n<h4>1. TINGIMUSTE ULATUS JA KEHTIVUS<\/h4>\n<p>1.1. Tingimused kehtivad isiku (edaspidi Klient) ja ostukeskkonna www.padelsport.ee\u00a0 (edaspidi e-pood) omaniku Purity O\u00dc (edaspidi M\u00fc\u00fcja) vahel e-poe vahendusel toodete ostmisel tekkivate \u00f5igussuhete kohta.<\/p>\n<p>1.2. Lisaks k\u00e4esolevatele tingimustele reguleerivad e-poe vahendusel toodete ostmisel tekkivaid \u00f5igussuhteid Eesti Vabariigis kehtivad \u00f5igusaktid.<\/p>\n<h4>2. TOOTED<\/h4>\n<p>2.1. Toodete hinnad on eurodes ja sisaldavad k\u00e4ibemaksu.<\/p>\n<p>2.2. Toodete hinnad ning saadavus v\u00f5ivad muutuda ette teatamata.<\/p>\n<p>2.3. E-poes olevad toodete pildid on illustratiivse t\u00e4hendusega ja v\u00f5ivad erineda tegelikest toodetest (minimaalselt ja s\u00f5ltuvalt kuvari seadistusest).<\/p>\n<h4>3. TELLIMUSE VORMISTAMINE<\/h4>\n<p>3.1. Kauba tellimiseks tuleb lisada soovitud tooted ostukorvi. Tellimuse vormistamiseks tuleb t\u00e4ita n\u00f5utud andmev\u00e4ljad ja valida sobiv toodete kohaletoimetamise viis. Seej\u00e4rel kuvatakse ekraanile tasu suurus, mille saab tasuda turvaliselt l\u00e4bi j\u00e4rgnevate makseviiside:<\/p>\n<ul>\n<li aria-level=\"1\">Eesti pangalingid: Swedbank, SEB, Luminor, LHV, Coop Pank<\/li>\n<li aria-level=\"1\">Visa\/Mastercard kaardimaksed<\/li>\n<li aria-level=\"1\">Arvega<\/li>\n<\/ul>\n<p>NB! Pangalingiga tasumisel vajutada kindlasti panga lehel nupule \u201eTagasi kaupmehe juurde\u201c.<\/p>\n<p>Makseid vahendab Montonio. Tasumine toimub v\u00e4ljaspool e-poodi turvalises keskkonnas \u2013 pangalingiga tasumisel vastava panga turvalises keskkonnas ja krediitkaardiga tasumisel Montonio turvalises keskkonnas. M\u00fc\u00fcjal puudub ligip\u00e4\u00e4s kliendi panga ja krediitkaardi andmetele. Leping j\u00f5ustub alates tasumisele kuuluva summa laekumisest e-poe arvelduskontole.<\/p>\n<p>Purity O\u00dc on isikuandmete vastutav t\u00f6\u00f6tleja ning edastab maksete teostamiseks vajalikud isikuandmed volitatud t\u00f6\u00f6tleja Montonio-le.<\/p>\n<h4>4. TOODETE TARNIMINE<\/h4>\n<p>4.1.\u00a0 Eesti piires alates ostusummast 75\u20ac postikappidesse tasuta. Kullerteenus Eesti piires 4,05\u20ac<\/p>\n<p>4.2. Tarneaeg on 1-7 t\u00f6\u00f6p\u00e4eva. J\u00e4reltellimisel vastavalt toote tarneajale, kuid mitte rohkem kui 10 t\u00f6\u00f6p\u00e4eva.<\/p>\n<p>4.3. Tooted toimetatakse Kliendile Smartposti, DPD v\u00f5i Omniva pakiautomaati, kulleriga v\u00f5i &#8220;Tulen ise j\u00e4rgi&#8221;. Tootele\/toodetele on v\u00f5imalik ise j\u00e4rgi tulla E-R: 17.00-20.00 kokkuleppel.<\/p>\n<p>4.4. Klient on kohustatud enne tellimuse sooritamist kontrollima esitatavate kontaktandmete \u00f5igsust, v\u00e4ltimaks viivitusi ja arusaamatusi toodete kohaletoimetamisel. M\u00fc\u00fcja ei vastuta toodete kohaletoimetamise viivituse ja tekkinud arusaamatuste eest juhul, kui viivitus v\u00f5i arusaamatus on tingitud Kliendi poolt tellimuse vormistamisel esitatud andmete ebat\u00e4psusest v\u00f5i eba\u00f5igsusest.<\/p>\n<p>4.5. Klient saab kauba omanikuks p\u00e4rast selle eest tasumist.<\/p>\n<h4>5. TAGASTAMIS\u00d5IGUS 14 P\u00c4EVA<\/h4>\n<p>5.1. Kliendil on e-poest ostetud kaubale alates kauba k\u00e4ttesaamisest 14-p\u00e4evane lepingust taganemise \u00f5igus (edaspidi 14-p\u00e4evane tagastus\u00f5igus) vastavalt allpool toodud lepingutingimustele.<\/p>\n<p>5.2. Ostes e-poest, n\u00f5ustub Klient tagastus\u00f5iguse kasutamiseks j\u00e4rgmiste tingimustega:<\/p>\n<p>5.2.1. Tagastatav kaup peab olema kasutamata ja originaalpakendis (Klient peab toote originaalpakendi avama ettevaatlikult ja seda kahjustamata. Kui pakend ei ole avatav, siis ei pea tagastatav kaup olema originaalpakendis).<\/p>\n<p>5.2.2 Kui kaupa on kasutatud muuks otstarbeks kui on vajalik kauba olemuses, omadustes ja toimimises veendumiseks v\u00f5i sellel on kasutamise v\u00f5i kulumise m\u00e4rke, on Veebipoel \u00f5igus alandada tagastatavat tasu vastavalt kauba v\u00e4\u00e4rtuse v\u00e4henemisele.<\/p>\n<p>5.2.3 Toote tagastamiseks palun t\u00e4itke taganemise avaldus. Avaldus tuleks esitada aadressile info@padelsport.ee, et leppida kokku edasiste toimingute suhtes. Toote saab f\u00fc\u00fcsiliselt tagastada meie Sipelga 4-18 asuvasse kontorisse eelnevalt \u00fchendust v\u00f5ttes v\u00f5i kasutades 1) SmartPOSTi v\u00f5i Omniva pakiautomaate.<\/p>\n<p>5.2.4 Raha kanname tagastatud toote eest tagasi Tellija arveldusarvele 14 p\u00e4eva jooksul alates taganemisavalduse saamisest. Tagastamisega seotud postikulud kannab ostja!<\/p>\n<p>5.3. 14-p\u00e4evane tagastamis\u00f5igus ei kehti muu hulgas asjadele, mis ei ole k\u00f5lblikud tagasisaatmiseks tervisekaitse v\u00f5i h\u00fcgieenilistel p\u00f5hjustel, kui p\u00e4rast kohaletoimetamist on pakend avatud (nt kosmeetika, pesu ja bikiinid, n\u00e4omaskid)<\/p>\n<p>14-p\u00e4evane tagastus\u00f5igus on s\u00e4testatud \u00f5igusaktidega ning ei ole www.padelsport.ee e-poe erip\u00e4ra. Tagastamis\u00f5iguse kohta saab t\u00e4psemalt lugeda Tarbijakaitse-ja Tehnilise J\u00e4relvalve Ameti lehelt.<\/p>\n<h4>6. M\u00dc\u00dcGIGARANTII<\/h4>\n<p>6.1. Garantii andjaks on Purity O\u00dc aadressiga Sipelga 4, Tallinn, Eesti.<\/p>\n<p>6.2. Garantiist tulenevate \u00f5iguste kasutamiseks p\u00f6\u00f6rduda Purity O\u00dc poole (www.padelsport.ee, info@padelsport.ee; +372 5645 1045).<\/p>\n<p>6.3. Garantii annab tarbijale \u00f5iguse n\u00f5uda m\u00fc\u00fcdud asja garantiis etten\u00e4htud tingimustel tasuta v\u00f5i tasu eest parandamist v\u00f5i v\u00e4ljavahetamist. Tasuta ei h\u00fcvitata garantii korras tooteid ja detaile, mis on kulunud, l\u00f5hutud liigset j\u00f5udu kasutades, purunenud kukkudes v\u00f5i saanud kahjustada tulenevalt mittesihtotstarbelisest kasutamisest. Tasuta h\u00fcvitatakse tootjapoolse puudusega toote vastavusse viimine lepingutingimustes etten\u00e4htuga. Puuduse tekkimise p\u00f5hjuse selgitab v\u00e4lja tootja v\u00f5i m\u00fc\u00fcjapoolne asjatundja. Toote garantiisse saatmise kulud h\u00fcvitab garantii andja.<\/p>\n<p>6.4. Garantiist tulenevate \u00f5iguste kasutamiseks p\u00f6\u00f6rduda garantii andja poole.<\/p>\n<p>6.5. Garantii kehtib kaks aastat. Garantiit\u00e4htaeg algab asja ostjale \u00fcleandmisest ning peatub ajal, mil ostja ei saa asja kasutada lepingutingimustele mittevastavuse t\u00f5ttu, mille eest vastutab garantii andja.<\/p>\n<p>6.6. Garantii kehtib Eesti Vabariigis ja teistes Euroopa Liidu liikmesriikides.<\/p>\n<p>6.7. Lisaks garantiist tulenevatele \u00f5igustele on tarbijal ka muud seadusest tulenevad \u00f5igused (nt kaebuse esitamise \u00f5igus V\u00d5S \u00a7-s 218 s\u00e4testatud tingimustel).<\/p>\n<h4>7. VASTUTUS JA V\u00c4\u00c4RAMATU J\u00d5UD<\/h4>\n<p>7.1. M\u00fc\u00fcja ja Klient vastutavad teineteise ees k\u00e4esolevate tingimuste rikkumisega teisele poolele tekitatud kahju eest Eesti Vabariigis kehtivates \u00f5igusaktides s\u00e4testatud juhtudel ja ulatuses.<\/p>\n<p>7.2. M\u00fc\u00fcja ei vastuta Kliendile tekitatud kahjude eest v\u00f5i toote kohaletoimetamise viibimise eest juhul, kui kahju v\u00f5i toote kohaletoomise viibimine on tingitud asjaolust, mida M\u00fc\u00fcja ei saanud m\u00f5jutada, ei n\u00e4inud ette ega v\u00f5inud ette n\u00e4ha (v\u00e4\u00e4ramatu j\u00f5ud).<\/p>\n<h4>8. ISIKUANDMETE T\u00d6\u00d6TLEMINE<\/h4>\n<p>8.1. Tarbija annab veebipoes andmeid sisestades ja vastava kinnitusega \u00f5iguse koguda ja t\u00f6\u00f6delda Tarbija isikuandmeid (nimi, kontakttelefon, paki k\u00e4ttetoimetamise ja\/v\u00f5i kodune aadress, e-postiaadress) ning edastada logistikapartnerile isikuandmeid kauba kohaletoimetamiseks.<\/p>\n<p>8.2. E-poel on \u00f5igus kasutada Tarbija elu- v\u00f5i asukoha aadressi reklaami ja muu informatsiooni edastamiseks Tarbijale.<\/p>\n<p>8.3. Tarbijal on igal ajal \u00f5igus keelata oma isikuandmete kogumine ning kasutamine, v\u00e4lja arvatud juhul, kui see on vajalik lepingust tuleneva n\u00f5ude sissen\u00f5udmiseks v\u00f5i kauba kohaletoimetamiseks.<\/p>\n<p>8.4. Elektrooniliste isikuandmete kasutamine otsepostituseks toimub ainult siis, kui Tarbija on selle jaoks andnud eraldi n\u00f5usoleku.<\/p>\n<p>8.5. Kr\u00fcpteeritud andmeside pankadega ostude eest tasumisel tagab Tarbija personaalsete pangatunnuste turvalisuse ja neile puudub ka Veebipoel ligip\u00e4\u00e4s.<\/p>\n<h4>9. PRETENSIOONIDE ESITAMISE KORD<\/h4>\n<p>9.1. Veebipood vastutab Tarbijale m\u00fc\u00fcdud kauba lepingutingimustele mittevastavuse v\u00f5i puuduste eest, mis ilmnevad kuni kahe aasta jooksul, alates kauba \u00fcleandmisest Tarbijale. Sellest esimese kuue kuu jooksul asja \u00fcleandmisest ostjale eeldatakse, et puudus oli olemas juba asja \u00fcleandmise ajal. Vastava eelduse \u00fcmberl\u00fckkamine on Veebipoe kohustus.<\/p>\n<p>9.2. Tarbijal on \u00f5igus puuduse ilmnemisel p\u00f6\u00f6rduda hiljemalt kahe kuu jooksul veebipoe poole, esitades arve, mille alusel kauba ostu eest tasuti.<\/p>\n<p>9.3. Kaubal puuduse ilmnemisel palume l\u00f5petada kauba kasutamine.<\/p>\n<p>9.4. Puudusega kauba parandamise v\u00f5i asendamise lepivad veebipood ja Tarbija omavahel kokku. Parandamise kulud katab veebipood.<\/p>\n<p>9.5. Veebipood ei vastuta Tarbija s\u00fc\u00fcl tootel tekkinud puuduste eest, mis on tekkinud toote mitten\u00f5uetekohase hoiustamise v\u00f5i mitte-eesm\u00e4rgip\u00e4rase kasutamise tulemusena.<\/p>\n<p>9.6. Toote n\u00f5uetele mittevastavuse v\u00f5i puuduste ilmnemisel palume edastada e-postiaadressile info@padelsport.ee pretensiooni, kus on m\u00e4rgitud tellimuse esitaja nimi, kontakttelefon, tellimuse number ja toote tingimustele mittevastavuse v\u00f5i puuduse t\u00e4pne kirjeldus.<\/p>\n<p>9.7. Pretensioon toote n\u00f5uetele mittevastavuse v\u00f5i puuduste avastamise kohta peab olema esitatud kahe kuu jooksul alates toote n\u00f5uetele mittevastavuse v\u00f5i puuduse avastamisest.<\/p>\n<p>9.8. K\u00f5ik pretensioonid vaadatakse l\u00e4bi ja Tarbijaga v\u00f5etakse \u00fchendust esimesel v\u00f5imalusel, kuid mitte hiljem kui 14 p\u00e4eva jooksul alates pretensiooni k\u00e4ttesaamisest.<\/p>\n<p>9.9. Tarbijal on \u00f5igus n\u00f5uda veebipoelt ostuhinna alandamist v\u00f5i lepingu l\u00f5petamist ja kauba eest raha tagasi n\u00f5uda, kui veebipoel ei ole v\u00f5imalik kaupa parandada v\u00f5i asendada, kauba parandamine v\u00f5i asendamine eba\u00f5nnestub, veebipood ei ole kauba puudust m\u00f5istliku aja jooksul k\u00f5rvaldanud, tarbijale on tekitatud p\u00f5hjendamatuid ebamugavusi.<\/p>\n<h4>10. KASUTAMISTINGIMUSED JA NENDE MUUTMINE<\/h4>\n<p>10.1. E-poest ostu sooritades n\u00f5ustub Tarbija e-poe kasutustingimustega ja kohustub neid t\u00e4itma.<\/p>\n<p>10.2. M\u00fc\u00fcja ja Kliendi vahel j\u00f5ustub m\u00fc\u00fcgileping alates tasumisele kuuluva ostusumma laekumisest M\u00fc\u00fcja arvelduskontole.<\/p>\n<p>10.3. M\u00fc\u00fcja v\u00f5ib muuta e-poe kasutustingimusi ja toodete hindasid. Teade muutuste kohta avaldatakse e-poe keskkonnas. Tehingule rakendatakse tehingu toimumise hetkel kehtivaid tingimusi ja hindu.<\/p>\n<p>10.4. M\u00fc\u00fcjal on \u00f5igus loobuda tellimuse t\u00e4itmisest kui tehnilise vea t\u00f5ttu oli e-poes kuvatud Toote hind ekslik.<\/p>","protected":false},"excerpt":{"rendered":"<p>Taganemisavaldus M\u00dc\u00dcGITINGIMUSED 1. TINGIMUSTE ULATUS JA KEHTIVUS 1.1. Tingimused kehtivad isiku (edaspidi Klient) ja ostukeskkonna www.padelsport.ee\u00a0 (edaspidi e-pood) omaniku Purity O\u00dc (edaspidi M\u00fc\u00fcja) vahel e-poe vahendusel toodete ostmisel tekkivate \u00f5igussuhete kohta. 1.2. Lisaks k\u00e4esolevatele tingimustele reguleerivad e-poe vahendusel toodete ostmisel tekkivaid \u00f5igussuhteid Eesti Vabariigis kehtivad \u00f5igusaktid. 2. TOOTED 2.1. Toodete hinnad on eurodes ja sisaldavad [&hellip;]<\/p>\n","protected":false},"author":6,"featured_media":0,"parent":0,"menu_order":0,"comment_status":"closed","ping_status":"closed","template":"elementor_header_footer","meta":{"footnotes":""},"class_list":["post-962","page","type-page","status-publish","hentry"],"jetpack_sharing_enabled":true,"_links":{"self":[{"href":"https:\/\/padelsport.ee\/en\/wp-json\/wp\/v2\/pages\/962","targetHints":{"allow":["GET"]}}],"collection":[{"href":"https:\/\/padelsport.ee\/en\/wp-json\/wp\/v2\/pages"}],"about":[{"href":"https:\/\/padelsport.ee\/en\/wp-json\/wp\/v2\/types\/page"}],"author":[{"embeddable":true,"href":"https:\/\/padelsport.ee\/en\/wp-json\/wp\/v2\/users\/6"}],"replies":[{"embeddable":true,"href":"https:\/\/padelsport.ee\/en\/wp-json\/wp\/v2\/comments?post=962"}],"version-history":[{"count":5,"href":"https:\/\/padelsport.ee\/en\/wp-json\/wp\/v2\/pages\/962\/revisions"}],"predecessor-version":[{"id":7309,"href":"https:\/\/padelsport.ee\/en\/wp-json\/wp\/v2\/pages\/962\/revisions\/7309"}],"wp:attachment":[{"href":"https:\/\/padelsport.ee\/en\/wp-json\/wp\/v2\/media?parent=962"}],"curies":[{"name":"wp","href":"https:\/\/api.w.org\/{rel}","templated":true}]}}