{"id":5101,"date":"2024-07-04T16:31:26","date_gmt":"2024-07-04T13:31:26","guid":{"rendered":"https:\/\/padelsport.ee\/?page_id=5101"},"modified":"2026-05-03T17:38:49","modified_gmt":"2026-05-03T14:38:49","slug":"makseviisid","status":"publish","type":"page","link":"https:\/\/padelsport.ee\/en\/makseviisid\/","title":{"rendered":"Makseviisid"},"content":{"rendered":"<p data-start=\"112\" data-end=\"240\">Padelsport.ee e-poes saad tasuda mugavalt, turvaliselt ja kiirelt l\u00e4bi <strong data-start=\"183\" data-end=\"224\"><span class=\"hover:entity-accent entity-underline inline cursor-pointer align-baseline\"><span class=\"whitespace-normal\">Montonio Finance O\u00dc<\/span><\/span><\/strong> makselahenduse.<\/p>\n<h3 data-section-id=\"1j6gqlm\" data-start=\"242\" data-end=\"261\"><span role=\"text\"><strong data-start=\"246\" data-end=\"261\">Pangamaksed<\/strong><\/span><\/h3>\n<p data-start=\"262\" data-end=\"367\">Maksa otse oma internetipangast. Toetatud on k\u00f5ik suuremad Eesti pangad ning makse kinnitatakse koheselt.<\/p>\n<h3 data-section-id=\"6jsdzb\" data-start=\"369\" data-end=\"389\"><span role=\"text\"><strong data-start=\"373\" data-end=\"389\">Kaardimaksed<\/strong><\/span><\/h3>\n<p data-start=\"390\" data-end=\"485\">Saad tasuda Visa ja Mastercard maksekaartidega. Maksed toimuvad turvalise maksekeskkonna kaudu.<\/p>\n<h3 data-section-id=\"lbibme\" data-start=\"487\" data-end=\"520\"><span role=\"text\"><strong data-start=\"491\" data-end=\"520\">J\u00e4relmaks ja maksa hiljem<\/strong><\/span><\/h3>\n<p data-start=\"521\" data-end=\"650\">Soovi korral saad ostusumma jagada osadeks. J\u00e4relmaksu ja maksa hiljem lahendusi pakub <strong data-start=\"608\" data-end=\"649\"><span class=\"hover:entity-accent entity-underline inline cursor-pointer align-baseline\"><span class=\"whitespace-normal\">Montonio Finance O\u00dc<\/span><\/span><\/strong>.<\/p>\n<ul data-start=\"652\" data-end=\"772\">\n<li data-section-id=\"1wmmggl\" data-start=\"652\" data-end=\"700\">Kiire ja mugav taotlemine ostu vormistamisel<\/li>\n<li data-section-id=\"vx0m97\" data-start=\"701\" data-end=\"741\">Vastus krediidiotsusele m\u00f5ne hetkega<\/li>\n<li data-section-id=\"1qyb3pf\" data-start=\"742\" data-end=\"772\">Paindlikud maksetingimused<\/li>\n<\/ul>\n<p data-start=\"774\" data-end=\"849\">Krediidilepingu s\u00f5lmimine toimub makseprotsessi k\u00e4igus Montonio keskkonnas.<\/p>\n<h3 data-section-id=\"ofidg2\" data-start=\"856\" data-end=\"874\"><span role=\"text\"><strong data-start=\"860\" data-end=\"874\">Turvalisus<\/strong><\/span><\/h3>\n<p data-start=\"875\" data-end=\"1003\">K\u00f5ik maksed toimuvad l\u00e4bi turvalise ja kr\u00fcpteeritud maksekeskkonna. Padelsport.ee ei salvesta sinu panganduse ega kaardiandmeid.<\/p>\n<p>&nbsp;<\/p>\n<p>&nbsp;<\/p>\n<p>&nbsp;<\/p>","protected":false},"excerpt":{"rendered":"<p>Padelsport.ee e-poes saad tasuda mugavalt, turvaliselt ja kiirelt l\u00e4bi Montonio Finance O\u00dc makselahenduse. Pangamaksed Maksa otse oma internetipangast. Toetatud on k\u00f5ik suuremad Eesti pangad ning makse kinnitatakse koheselt. Kaardimaksed Saad tasuda Visa ja Mastercard maksekaartidega. Maksed toimuvad turvalise maksekeskkonna kaudu. J\u00e4relmaks ja maksa hiljem Soovi korral saad ostusumma jagada osadeks. J\u00e4relmaksu ja maksa hiljem lahendusi [&hellip;]<\/p>\n","protected":false},"author":6,"featured_media":0,"parent":0,"menu_order":0,"comment_status":"closed","ping_status":"closed","template":"","meta":{"footnotes":""},"class_list":["post-5101","page","type-page","status-publish","hentry"],"jetpack_sharing_enabled":true,"_links":{"self":[{"href":"https:\/\/padelsport.ee\/en\/wp-json\/wp\/v2\/pages\/5101","targetHints":{"allow":["GET"]}}],"collection":[{"href":"https:\/\/padelsport.ee\/en\/wp-json\/wp\/v2\/pages"}],"about":[{"href":"https:\/\/padelsport.ee\/en\/wp-json\/wp\/v2\/types\/page"}],"author":[{"embeddable":true,"href":"https:\/\/padelsport.ee\/en\/wp-json\/wp\/v2\/users\/6"}],"replies":[{"embeddable":true,"href":"https:\/\/padelsport.ee\/en\/wp-json\/wp\/v2\/comments?post=5101"}],"version-history":[{"count":5,"href":"https:\/\/padelsport.ee\/en\/wp-json\/wp\/v2\/pages\/5101\/revisions"}],"predecessor-version":[{"id":7939,"href":"https:\/\/padelsport.ee\/en\/wp-json\/wp\/v2\/pages\/5101\/revisions\/7939"}],"wp:attachment":[{"href":"https:\/\/padelsport.ee\/en\/wp-json\/wp\/v2\/media?parent=5101"}],"curies":[{"name":"wp","href":"https:\/\/api.w.org\/{rel}","templated":true}]}}