{"id":1317,"date":"2023-03-22T12:59:09","date_gmt":"2023-03-22T12:59:09","guid":{"rendered":"https:\/\/padelsport.ee\/?page_id=1317"},"modified":"2026-03-12T16:07:25","modified_gmt":"2026-03-12T14:07:25","slug":"ettevottest","status":"publish","type":"page","link":"https:\/\/padelsport.ee\/en\/ettevottest\/","title":{"rendered":"Company"},"content":{"rendered":"<style>.elementor-1317 .elementor-element.elementor-element-e18a2f9{--display:flex;--flex-direction:row;--container-widget-width:calc( ( 1 - var( --container-widget-flex-grow ) ) * 100% );--container-widget-height:100%;--container-widget-flex-grow:1;--container-widget-align-self:stretch;--flex-wrap-mobile:wrap;--align-items:stretch;--gap:10px 10px;--row-gap:10px;--column-gap:10px;--padding-top:100px;--padding-bottom:100px;--padding-left:0px;--padding-right:0px;}.elementor-1317 .elementor-element.elementor-element-1343838{--display:flex;--gap:0px 0px;--row-gap:0px;--column-gap:0px;--margin-top:0px;--margin-bottom:0px;--margin-left:0px;--margin-right:20px;}.elementor-1317 .elementor-element.elementor-element-e6609ef img{border-radius:10px 10px 10px 10px;}.elementor-1317 .elementor-element.elementor-element-e6609ef > .elementor-widget-container{margin:0px 0px 20px 0px;}.elementor-1317 .elementor-element.elementor-element-e6609ef.elementor-element{--order:-99999 \/* order start hack *\/;}.elementor-1317 .elementor-element.elementor-element-78f105e{text-align:center;}.elementor-1317 .elementor-element.elementor-element-e194242{--e-image-carousel-slides-to-show:3;}.elementor-1317 .elementor-element.elementor-element-e194242 .swiper-pagination-bullet{background:var( --e-global-color-primary );}.elementor-1317 .elementor-element.elementor-element-e194242 .elementor-image-carousel-wrapper .elementor-image-carousel .swiper-slide-image{border-radius:10px 10px 10px 10px;}.elementor-1317 .elementor-element.elementor-element-b94bdf7{--display:flex;--justify-content:flex-start;--margin-top:0px;--margin-bottom:0px;--margin-left:20px;--margin-right:20px;}.elementor-1317 .elementor-element.elementor-element-59550c0 .jeg-elementor-kit.jkit-heading .heading-section-description{max-width:81%;color:var( --e-global-color-text );font-family:var( --e-global-typography-text-font-family ), Sans-serif;font-size:var( --e-global-typography-text-font-size );font-weight:var( --e-global-typography-text-font-weight );line-height:var( --e-global-typography-text-line-height );}.elementor-1317 .elementor-element.elementor-element-59550c0 .jeg-elementor-kit.jkit-heading{text-align:left;}.elementor-1317 .elementor-element.elementor-element-59550c0 .jeg-elementor-kit.jkit-heading .heading-title{font-family:var( --e-global-typography-secondary-font-family ), Sans-serif;font-size:var( --e-global-typography-secondary-font-size );font-weight:var( --e-global-typography-secondary-font-weight );line-height:var( --e-global-typography-secondary-line-height );color:var( --e-global-color-6a92032 );}.elementor-1317 .elementor-element.elementor-element-59550c0 .jeg-elementor-kit.jkit-heading .heading-title > span{color:var( --e-global-color-primary );background-color:var( --e-global-color-1e6f305 );font-family:var( --e-global-typography-1d2a788-font-family ), Sans-serif;font-size:var( --e-global-typography-1d2a788-font-size );font-weight:var( --e-global-typography-1d2a788-font-weight );line-height:var( --e-global-typography-1d2a788-line-height );letter-spacing:var( --e-global-typography-1d2a788-letter-spacing );word-spacing:var( --e-global-typography-1d2a788-word-spacing );padding:0px 10px 5px 10px;}.elementor-1317 .elementor-element.elementor-element-59550c0 > .elementor-widget-container{margin:0px 0px -10px 0px;}.elementor-1317 .elementor-element.elementor-element-c663a64 .jeg-elementor-kit.jkit-button{text-align:left;}.elementor-1317 .elementor-element.elementor-element-c663a64 .jeg-elementor-kit.jkit-button .jkit-button-wrapper{padding:15px 30px 15px 30px;font-family:var( --e-global-typography-d56ae1f-font-family ), Sans-serif;font-size:var( --e-global-typography-d56ae1f-font-size );font-weight:var( --e-global-typography-d56ae1f-font-weight );line-height:var( --e-global-typography-d56ae1f-line-height );letter-spacing:var( --e-global-typography-d56ae1f-letter-spacing );word-spacing:var( --e-global-typography-d56ae1f-word-spacing );color:var( --e-global-color-1e6f305 );background-color:var( --e-global-color-primary );border-radius:5px 5px 5px 5px;}.elementor-1317 .elementor-element.elementor-element-c663a64 .jeg-elementor-kit.jkit-button .jkit-button-wrapper svg{fill:var( --e-global-color-1e6f305 );}.elementor-1317 .elementor-element.elementor-element-c663a64 .jeg-elementor-kit.jkit-button .jkit-button-wrapper:hover{color:var( --e-global-color-1e6f305 );}.elementor-1317 .elementor-element.elementor-element-c663a64 .jeg-elementor-kit.jkit-button .jkit-button-wrapper:hover svg{fill:var( --e-global-color-1e6f305 );}.elementor-1317 .elementor-element.elementor-element-c663a64 .jeg-elementor-kit.jkit-button .jkit-button-wrapper:not(.hover-gradient):hover, .elementor-1317 .elementor-element.elementor-element-c663a64 .jeg-elementor-kit.jkit-button .jkit-button-wrapper.hover-gradient:before{background-color:var( --e-global-color-6a92032 );}.elementor-1317 .elementor-element.elementor-element-c663a64 .jeg-elementor-kit.jkit-button.icon-position-before .jkit-button-wrapper i, .elementor-1317 .elementor-element.elementor-element-c663a64 .jeg-elementor-kit.jkit-button.icon-position-before .jkit-button-wrapper svg{margin-right:5px;}.elementor-1317 .elementor-element.elementor-element-c663a64 .jeg-elementor-kit.jkit-button.icon-position-after .jkit-button-wrapper i, .elementor-1317 .elementor-element.elementor-element-c663a64 .jeg-elementor-kit.jkit-button.icon-position-after .jkit-button-wrapper svg{margin-left:5px;}.elementor-1317 .elementor-element.elementor-element-c663a64 > .elementor-widget-container{margin:0px 30px 0px 0px;}@media(max-width:1024px){.elementor-1317 .elementor-element.elementor-element-e18a2f9{--padding-top:80px;--padding-bottom:80px;--padding-left:0px;--padding-right:0px;}.elementor-1317 .elementor-element.elementor-element-1343838{--margin-top:0px;--margin-bottom:0px;--margin-left:10px;--margin-right:10px;}.elementor-1317 .elementor-element.elementor-element-b94bdf7{--margin-top:40px;--margin-bottom:0px;--margin-left:10px;--margin-right:10px;}.elementor-1317 .elementor-element.elementor-element-59550c0 .jeg-elementor-kit.jkit-heading .heading-section-description{max-width:68%;font-size:var( --e-global-typography-text-font-size );line-height:var( --e-global-typography-text-line-height );}.elementor-1317 .elementor-element.elementor-element-59550c0 .jeg-elementor-kit.jkit-heading .heading-title{font-size:var( --e-global-typography-secondary-font-size );line-height:var( --e-global-typography-secondary-line-height );}.elementor-1317 .elementor-element.elementor-element-59550c0 .jeg-elementor-kit.jkit-heading .heading-section-title{margin:0px 100px 0px 0px;}.elementor-1317 .elementor-element.elementor-element-59550c0 .jeg-elementor-kit.jkit-heading .heading-title > span{font-size:var( --e-global-typography-1d2a788-font-size );line-height:var( --e-global-typography-1d2a788-line-height );letter-spacing:var( --e-global-typography-1d2a788-letter-spacing );word-spacing:var( --e-global-typography-1d2a788-word-spacing );}.elementor-1317 .elementor-element.elementor-element-c663a64 .jeg-elementor-kit.jkit-button{text-align:left;}.elementor-1317 .elementor-element.elementor-element-c663a64 .jeg-elementor-kit.jkit-button .jkit-button-wrapper{padding:13px 28px 13px 28px;font-size:var( --e-global-typography-d56ae1f-font-size );line-height:var( --e-global-typography-d56ae1f-line-height );letter-spacing:var( --e-global-typography-d56ae1f-letter-spacing );word-spacing:var( --e-global-typography-d56ae1f-word-spacing );}}@media(max-width:767px){.elementor-1317 .elementor-element.elementor-element-e18a2f9{--padding-top:50px;--padding-bottom:50px;--padding-left:0px;--padding-right:0px;}.elementor-1317 .elementor-element.elementor-element-b94bdf7{--margin-top:20px;--margin-bottom:0px;--margin-left:10px;--margin-right:10px;}.elementor-1317 .elementor-element.elementor-element-59550c0 .jeg-elementor-kit.jkit-heading .heading-section-description{max-width:98%;font-size:var( --e-global-typography-text-font-size );line-height:var( --e-global-typography-text-line-height );}.elementor-1317 .elementor-element.elementor-element-59550c0 .jeg-elementor-kit.jkit-heading .heading-title{font-size:var( --e-global-typography-secondary-font-size );line-height:var( --e-global-typography-secondary-line-height );}.elementor-1317 .elementor-element.elementor-element-59550c0 .jeg-elementor-kit.jkit-heading .heading-section-title{margin:0px 0px 0px 0px;}.elementor-1317 .elementor-element.elementor-element-59550c0 .jeg-elementor-kit.jkit-heading .heading-title > span{font-size:var( --e-global-typography-1d2a788-font-size );line-height:var( --e-global-typography-1d2a788-line-height );letter-spacing:var( --e-global-typography-1d2a788-letter-spacing );word-spacing:var( --e-global-typography-1d2a788-word-spacing );}.elementor-1317 .elementor-element.elementor-element-c663a64 .jeg-elementor-kit.jkit-button{text-align:left;}.elementor-1317 .elementor-element.elementor-element-c663a64 .jeg-elementor-kit.jkit-button .jkit-button-wrapper{font-size:var( --e-global-typography-d56ae1f-font-size );line-height:var( --e-global-typography-d56ae1f-line-height );letter-spacing:var( --e-global-typography-d56ae1f-letter-spacing );word-spacing:var( --e-global-typography-d56ae1f-word-spacing );}}@media(min-width:768px){.elementor-1317 .elementor-element.elementor-element-e18a2f9{--content-width:1160px;}.elementor-1317 .elementor-element.elementor-element-1343838{--width:45%;}.elementor-1317 .elementor-element.elementor-element-b94bdf7{--width:55%;}}@media(max-width:1024px) and (min-width:768px){.elementor-1317 .elementor-element.elementor-element-1343838{--width:100%;}.elementor-1317 .elementor-element.elementor-element-b94bdf7{--width:100%;}}<\/style>\t\t<div data-elementor-type=\"wp-page\" data-elementor-id=\"1317\" class=\"elementor elementor-1317\" data-elementor-post-type=\"page\">\n\t\t\t\t<div class=\"elementor-element elementor-element-e18a2f9 e-flex e-con-boxed e-con e-parent\" data-id=\"e18a2f9\" data-element_type=\"container\" data-e-type=\"container\">\n\t\t\t\t\t<div class=\"e-con-inner\">\n\t\t<div class=\"elementor-element elementor-element-1343838 e-con-full e-flex e-con e-child\" data-id=\"1343838\" data-element_type=\"container\" data-e-type=\"container\">\n\t\t\t\t<div class=\"elementor-element elementor-element-e6609ef elementor-widget elementor-widget-image\" data-id=\"e6609ef\" data-element_type=\"widget\" data-e-type=\"widget\" data-settings=\"{&quot;_animation&quot;:&quot;none&quot;}\" data-widget_type=\"image.default\">\n\t\t\t\t<div class=\"elementor-widget-container\">\n\t\t\t\t\t\t\t\t\t\t\t\t\t\t\t<img fetchpriority=\"high\" decoding=\"async\" width=\"800\" height=\"480\" src=\"https:\/\/padelsport.ee\/wp-content\/uploads\/2024\/05\/40-DSC05782-re.jpg\" class=\"attachment-large size-large wp-image-6805\" alt=\"\" srcset=\"https:\/\/padelsport.ee\/wp-content\/uploads\/2024\/05\/40-DSC05782-re.jpg 1000w, https:\/\/padelsport.ee\/wp-content\/uploads\/2024\/05\/40-DSC05782-re-300x180.jpg 300w, https:\/\/padelsport.ee\/wp-content\/uploads\/2024\/05\/40-DSC05782-re-768x461.jpg 768w, https:\/\/padelsport.ee\/wp-content\/uploads\/2024\/05\/40-DSC05782-re-18x12.jpg 18w, https:\/\/padelsport.ee\/wp-content\/uploads\/2024\/05\/40-DSC05782-re-600x360.jpg 600w\" sizes=\"(max-width: 800px) 100vw, 800px\" \/>\t\t\t\t\t\t\t\t\t\t\t\t\t\t\t<\/div>\n\t\t\t\t<\/div>\n\t\t\t\t<div class=\"elementor-element elementor-element-78f105e elementor-widget elementor-widget-heading\" data-id=\"78f105e\" data-element_type=\"widget\" data-e-type=\"widget\" data-widget_type=\"heading.default\">\n\t\t\t\t<div class=\"elementor-widget-container\">\n\t\t\t\t\t<h4 class=\"elementor-heading-title elementor-size-default\">I use the equipment below<\/h4>\t\t\t\t<\/div>\n\t\t\t\t<\/div>\n\t\t\t\t<div class=\"elementor-element elementor-element-e194242 elementor-pagination-position-outside elementor-widget elementor-widget-image-carousel\" data-id=\"e194242\" data-element_type=\"widget\" data-e-type=\"widget\" data-settings=\"{&quot;slides_to_show&quot;:&quot;3&quot;,&quot;navigation&quot;:&quot;dots&quot;,&quot;_animation&quot;:&quot;none&quot;,&quot;_animation_delay&quot;:200,&quot;autoplay&quot;:&quot;yes&quot;,&quot;pause_on_hover&quot;:&quot;yes&quot;,&quot;pause_on_interaction&quot;:&quot;yes&quot;,&quot;autoplay_speed&quot;:5000,&quot;infinite&quot;:&quot;yes&quot;,&quot;speed&quot;:500,&quot;image_spacing_custom&quot;:{&quot;unit&quot;:&quot;px&quot;,&quot;size&quot;:20,&quot;sizes&quot;:[]},&quot;image_spacing_custom_tablet&quot;:{&quot;unit&quot;:&quot;px&quot;,&quot;size&quot;:&quot;&quot;,&quot;sizes&quot;:[]},&quot;image_spacing_custom_mobile&quot;:{&quot;unit&quot;:&quot;px&quot;,&quot;size&quot;:&quot;&quot;,&quot;sizes&quot;:[]}}\" data-widget_type=\"image-carousel.default\">\n\t\t\t\t<div class=\"elementor-widget-container\">\n\t\t\t\t\t\t\t<div class=\"elementor-image-carousel-wrapper swiper\" role=\"region\" aria-roledescription=\"carousel\" aria-label=\"Image Carousel\" dir=\"ltr\">\n\t\t\t<div class=\"elementor-image-carousel swiper-wrapper swiper-image-stretch\" aria-live=\"off\">\n\t\t\t\t\t\t\t\t<div class=\"swiper-slide\" role=\"group\" aria-roledescription=\"slide\" aria-label=\"1 of 2\" data-no-translation-aria-label=\"\"><a data-elementor-open-lightbox=\"yes\" data-elementor-lightbox-slideshow=\"e194242\" data-elementor-lightbox-title=\"_PRP8047 (1)\" data-e-action-hash=\"#elementor-action%3Aaction%3Dlightbox%26settings%3DeyJpZCI6NTMxMiwidXJsIjoiaHR0cHM6XC9cL3BhZGVsc3BvcnQuZWVcL3dwLWNvbnRlbnRcL3VwbG9hZHNcLzIwMjRcLzA4XC9QUlA4MDQ3LTEuanBnIiwic2xpZGVzaG93IjoiZTE5NDI0MiJ9\" href=\"https:\/\/padelsport.ee\/en\/product\/supreme-hybrid-ii\/\"><figure class=\"swiper-slide-inner\"><img decoding=\"async\" class=\"swiper-slide-image\" src=\"https:\/\/padelsport.ee\/wp-content\/uploads\/2024\/08\/PRP8047-1.jpg\" alt=\"_PRP8047 (1)\" \/><\/figure><\/a><\/div><div class=\"swiper-slide\" role=\"group\" aria-roledescription=\"slide\" aria-label=\"2 of 2\" data-no-translation-aria-label=\"\"><a data-elementor-open-lightbox=\"yes\" data-elementor-lightbox-slideshow=\"e194242\" data-elementor-lightbox-title=\"PRP2927-1024x1536\" data-e-action-hash=\"#elementor-action%3Aaction%3Dlightbox%26settings%3DeyJpZCI6NDAzOCwidXJsIjoiaHR0cHM6XC9cL3BhZGVsc3BvcnQuZWVcL3dwLWNvbnRlbnRcL3VwbG9hZHNcLzIwMjNcLzEwXC9QUlAyOTI3LTEwMjR4MTUzNi0xLmpwZyIsInNsaWRlc2hvdyI6ImUxOTQyNDIifQ%3D%3D\" href=\"https:\/\/padelsport.ee\/en\/product\/supreme-hybrid-ii\/\"><figure class=\"swiper-slide-inner\"><img decoding=\"async\" class=\"swiper-slide-image\" src=\"https:\/\/padelsport.ee\/wp-content\/uploads\/2023\/10\/PRP2927-1024x1536-1-683x1024.jpg\" alt=\"PRP2927-1024x1536\" \/><\/figure><\/a><\/div>\t\t\t<\/div>\n\t\t\t\t\t\t\t\n\t\t\t\t\t\t\t\t\t<div class=\"swiper-pagination\"><\/div>\n\t\t\t\t\t\t\t\t\t<\/div>\n\t\t\t\t\t\t<\/div>\n\t\t\t\t<\/div>\n\t\t\t\t<\/div>\n\t\t<div class=\"elementor-element elementor-element-b94bdf7 e-con-full e-flex e-con e-child\" data-id=\"b94bdf7\" data-element_type=\"container\" data-e-type=\"container\">\n\t\t\t\t<div class=\"elementor-element elementor-element-59550c0 elementor-widget elementor-widget-jkit_heading\" data-id=\"59550c0\" data-element_type=\"widget\" data-e-type=\"widget\" data-settings=\"{&quot;_animation&quot;:&quot;none&quot;}\" data-widget_type=\"jkit_heading.default\">\n\t\t\t\t<div class=\"elementor-widget-container\">\n\t\t\t\t\t<div  class=\"jeg-elementor-kit jkit-heading  align-left align-tablet- align-mobile- jeg_module___69d9b51597cd6\" ><div class=\"heading-section-title  display-inline-block\"><h2 class=\"heading-title\"><\/h2><\/div><div class=\"heading-section-description\"><p><strong>PadelSport<\/strong> is a company established in 2022 that offers high-quality Padel rackets and equipment. Our aim is to ensure <strong>maximum comfort for all players<\/strong>\u00a0and to offer products\u00a0<strong>that last for years<\/strong>. At PadelSport, you will find suitable products for players of every level - from beginners to advanced players.<\/p><p><strong>How did I come to play Padel?<br \/><\/strong>Minu nimi on Diana Legu\u0161s ja olen Volta Padeli naistreeningute treener. Padeliga alustasin 2018. aastal, viies end kurssi padeli erinevate tehnikate ja liikumistega. Olen omandanud ka treeneri esimese taseme tunnistuse.<br \/>\u200b<br \/>Enne padeli juurde j\u00f5udmist tegelesin tennise, lauatennise ja squashiga, viimase puhul olen ka 4 korda Eesti Meister. T\u00e4na on minu p\u00f5hir\u00f5hk naiste padelitreeningutel. <br \/>APA Level I padelitreener, 2021. aasta padeli Eesti meister.\u00a0<\/p><\/div><\/div>\t\t\t\t<\/div>\n\t\t\t\t<\/div>\n\t\t\t\t<div class=\"elementor-element elementor-element-c663a64 elementor-widget elementor-widget-jkit_button\" data-id=\"c663a64\" data-element_type=\"widget\" data-e-type=\"widget\" data-settings=\"{&quot;_animation&quot;:&quot;none&quot;,&quot;_animation_delay&quot;:300}\" data-widget_type=\"jkit_button.default\">\n\t\t\t\t<div class=\"elementor-widget-container\">\n\t\t\t\t\t<div  class=\"jeg-elementor-kit jkit-button  icon-position-after jeg_module__1_69d9b51598a76\" ><a href=\"https:\/\/padelsport.ee\/en\/toode\/eratrenn-padeli-meistriga\/\" class=\"jkit-button-wrapper\">Want to come to a training session?<svg viewbox=\"0 0 576 512\" xmlns=\"http:\/\/www.w3.org\/2000\/svg\"><path d=\"M528.12 301.319l47.273-208C578.806 78.301 567.391 64 551.99 64H159.208l-9.166-44.81C147.758 8.021 137.93 0 126.529 0H24C10.745 0 0 10.745 0 24v16c0 13.255 10.745 24 24 24h69.883l70.248 343.435C147.325 417.1 136 435.222 136 456c0 30.928 25.072 56 56 56s56-25.072 56-56c0-15.674-6.447-29.835-16.824-40h209.647C430.447 426.165 424 440.326 424 456c0 30.928 25.072 56 56 56s56-25.072 56-56c0-22.172-12.888-41.332-31.579-50.405l5.517-24.276c3.413-15.018-8.002-29.319-23.403-29.319H218.117l-6.545-32h293.145c11.206 0 20.92-7.754 23.403-18.681z\"><\/path><\/svg><\/a><\/div>\t\t\t\t<\/div>\n\t\t\t\t<\/div>\n\t\t\t\t<\/div>\n\t\t\t\t\t<\/div>\n\t\t\t\t<\/div>\n\t\t\t\t<\/div>","protected":false},"excerpt":{"rendered":"<p>Mina kasutan allolevat varustust PadelSport on 2022. aastal loodud ettev\u00f5te, mis pakub k\u00f5rge kvaliteediga padeli reketeid ja varustust. Meie soov on kindlustada k\u00f5ikidele m\u00e4ngijatele maksimaalne kasutusmugavus\u00a0ja pakkuda tooteid, mis\u00a0kestavad aastaid. PadelSpordist leiab sobivad tooted iga tasemega m\u00e4ngija \u2013 alates algajast kuni edasij\u00f5udnuteni. Kuidas ma j\u00f5udsin padelini?Minu nimi on Diana Legu\u0161s ja olen Volta Padeli naistreeningute [&hellip;]<\/p>\n","protected":false},"author":6,"featured_media":0,"parent":0,"menu_order":0,"comment_status":"closed","ping_status":"closed","template":"elementor_header_footer","meta":{"footnotes":""},"class_list":["post-1317","page","type-page","status-publish","hentry"],"jetpack_sharing_enabled":true,"_links":{"self":[{"href":"https:\/\/padelsport.ee\/en\/wp-json\/wp\/v2\/pages\/1317","targetHints":{"allow":["GET"]}}],"collection":[{"href":"https:\/\/padelsport.ee\/en\/wp-json\/wp\/v2\/pages"}],"about":[{"href":"https:\/\/padelsport.ee\/en\/wp-json\/wp\/v2\/types\/page"}],"author":[{"embeddable":true,"href":"https:\/\/padelsport.ee\/en\/wp-json\/wp\/v2\/users\/6"}],"replies":[{"embeddable":true,"href":"https:\/\/padelsport.ee\/en\/wp-json\/wp\/v2\/comments?post=1317"}],"version-history":[{"count":5,"href":"https:\/\/padelsport.ee\/en\/wp-json\/wp\/v2\/pages\/1317\/revisions"}],"predecessor-version":[{"id":7834,"href":"https:\/\/padelsport.ee\/en\/wp-json\/wp\/v2\/pages\/1317\/revisions\/7834"}],"wp:attachment":[{"href":"https:\/\/padelsport.ee\/en\/wp-json\/wp\/v2\/media?parent=1317"}],"curies":[{"name":"wp","href":"https:\/\/api.w.org\/{rel}","templated":true}]}}