{"id":1003,"date":"2023-03-22T11:32:37","date_gmt":"2023-03-22T11:32:37","guid":{"rendered":"https:\/\/padelsport.ee\/?page_id=1003"},"modified":"2023-03-24T06:29:50","modified_gmt":"2023-03-24T06:29:50","slug":"privaatsuspoliitika","status":"publish","type":"page","link":"https:\/\/padelsport.ee\/en\/privaatsuspoliitika\/","title":{"rendered":"Privaatsuspoliitika"},"content":{"rendered":"<style>.elementor-1003 .elementor-element.elementor-element-20dcf7d{--display:flex;--overflow:hidden;}@media(max-width:767px){.elementor-1003 .elementor-element.elementor-element-c0392c5 > .elementor-widget-container{padding:16px 16px 16px 16px;}}<\/style>\t\t<div data-elementor-type=\"wp-page\" data-elementor-id=\"1003\" class=\"elementor elementor-1003\" data-elementor-post-type=\"page\">\n\t\t\t\t<div class=\"elementor-element elementor-element-20dcf7d e-flex e-con-boxed e-con e-parent\" data-id=\"20dcf7d\" data-element_type=\"container\" data-e-type=\"container\">\n\t\t\t\t\t<div class=\"e-con-inner\">\n\t\t\t\t<div class=\"elementor-element elementor-element-c0392c5 elementor-widget elementor-widget-text-editor\" data-id=\"c0392c5\" data-element_type=\"widget\" data-e-type=\"widget\" data-widget_type=\"text-editor.default\">\n\t\t\t\t<div class=\"elementor-widget-container\">\n\t\t\t\t\t\t\t\t\t<div class=\"elementor-element elementor-element-c1843e7 sc_fly_static elementor-widget elementor-widget-heading\" data-id=\"c1843e7\" data-element_type=\"widget\" data-widget_type=\"heading.default\"><div class=\"elementor-widget-container\"><h3 class=\"elementor-heading-title elementor-size-default\">PRIVAATSUSPOLIITIKA<\/h3><\/div><\/div><h4>\u00a0<\/h4><h4><b>ISIKUANDMETE T\u00d6\u00d6TLEMINE<\/b><\/h4><p><b>\u00a0<\/b><\/p><p><a href=\"https:\/\/padelsport.ee\/en\/\"><span lang=\"ET\">www.padelsport.ee<\/span><\/a><span lang=\"ET\">\u00a0e-poe<\/span>\u00a0isikuandmete\u00a0<span lang=\"ET\">t\u00f6\u00f6tlemise eest vastutab<\/span>\u00a0<span lang=\"ET\">Purity O\u00dc<\/span>\u00a0(registrikood\u00a012626064) asukohaga\u00a0<span lang=\"ET\">Sipelga 4-18, Tallinn, Eesti. T<\/span>el<span lang=\"ET\">efon\u00a0<\/span><span lang=\"ET\">\u00a0<\/span><span lang=\"ET\">+372 5645 1045,\u00a0<\/span>e<span lang=\"ET\">-post info@padelsport.ee<\/span><\/p><p><span lang=\"ET\">Purity O\u00dc<\/span>\u00a0edastab maksete teostamiseks vajalikud isikuandmed volitatud t\u00f6\u00f6tleja\u00a0<span lang=\"ET\">Maksekeskus<\/span>\u00a0AS-le.<\/p><h4><b><span lang=\"ET\">T\u00d6\u00d6DELDAVAD ISIKUANDMED:<\/span><\/b><\/h4><ul type=\"disc\"><li>Andmesubjekti nimi, telefoninumber ja e-posti aadress<\/li><li>kauba kohaletoimetamise aadress<\/li><li>pangakonto number<\/li><li>kaupade ja teenuste maksumus ja maksetega seotud andmed<\/li><li>(ostuajalugu)<\/li><li>klienditoe andmed<\/li><\/ul><div>\u00a0<\/div><h4><b><span lang=\"ET\">ISIKUANDMETE T\u00d6\u00d6TLEMISE EESM\u00c4RK<\/span><\/b><\/h4><p>Isikuandmeid kasutatakse kliendi tellimuste haldamiseks ja kauba kohaletoimetamiseks. Ostuajaloo andmeid (ostu kuup\u00e4ev, kaup, kogus, kliendi andmed) kasutatakse ostetud kaupade ja teenuste \u00fclevaate koostamiseks ning kliendieelistuste anal\u00fc\u00fcsimiseks. Pangakonto numbrit kasutatakse kliendile maksete tagastamiseks. Isikuandmeid nagu e-post, telefoni nr ja kliendi nimi t\u00f6\u00f6deldakse selleks, et lahendada kaupadega ja teenuste osutamisega seonduvaid k\u00fcsimusi (klienditugi). Veebipoe kasutaja IP-aadressi v\u00f5i teisi v\u00f5rguidentifikaatoreid t\u00f6\u00f6deldakse veebipoe kui info\u00fchiskonna teenuse osutamiseks ning veebikasutusstatistika tegemiseks.<\/p><h4><b>\u00d5IGUSLIK ALUS<\/b><\/h4><p>Isikuandmete t\u00f6\u00f6tlemine toimub kliendiga s\u00f5lmitud lepingu t\u00e4itmise eesm\u00e4rgil. Isikuandmete t\u00f6\u00f6tlemine toimub juriidilise kohustuse t\u00e4itmiseks (nt raamatupidamine ja tarbijavaidluste lahendamine). Andmet\u00f6\u00f6tlus toimub kliendi n\u00f5usolekul j\u00e4rgmiste tegevuste t\u00e4itmiseks: otseturundus.<\/p><h4><b><span lang=\"ET\">T\u00d6\u00d6DELDUD ISIKUANDMETE VASTUV\u00d5TJAD<\/span><\/b><\/h4><p>Isikuandmed edastatakse veebipoe klienditoele ostude ja ostuajaloo haldamiseks ning kliendiprobleemide lahendamiseks. Nimi, telefoninumber ja e-posti aadress edastatakse kliendi poolt valitud transporditeenuse pakkujale. Kui tegemist on kulleriga kohale toimetatava kaubaga, edastatakse lisaks kontaktandmetele ka kliendi aadress. Kui veebipoe raamatupidamine toimub teenusepakkuja poolt, edastatakse isikuandmed teenusepakkujale raamatupidamistoimingute tegemiseks. Isikuandmeid v\u00f5idakse edastada infotehnoloogia teenuste pakkujatele, kui see on vajalik veebipoe funktsionaalsuse v\u00f5i andmemajutuse tagamiseks.<\/p><h4><b>TURVALISUS JA\u00a0<\/b><b><span lang=\"ET\">LIGIP\u00c4\u00c4S ANDMETELE<\/span><\/b><\/h4><p>Isikuandmeid hoitakse serverites, mis asuvad Euroopa Liidu liikmesriigi v\u00f5i Euroopa Liidu majanduspiirkonnaga liitunud riikide territooriumil. Andmeid v\u00f5idakse edastada riikidesse, mille andmekaitse taset on Euroopa Komisjon hinnanud piisavaks ning USA ettev\u00f5tetele, kes on liitunud andmekaitse kilbi (Privacy Shield) raamistikuga. Juurdep\u00e4\u00e4s isikuandmetele on veebipoe t\u00f6\u00f6tajatel, kes saavad isikuandmetega tutvuda selleks, et lahendada veebipoe kasutamisega seonduvaid tehnilisi k\u00fcsimusi ning osutada klienditoe teenust. Veebipood rakendab asjakohaseid f\u00fc\u00fcsilisi, organisatsioonilisi ja infotehnilisi turvameetmeid, et kaitsta isikuandmeid juhusliku v\u00f5i ebaseadusliku h\u00e4vitamise, kaotsimineku, muutmise v\u00f5i loata juurdep\u00e4\u00e4su ja avalikustamise eest. Isikuandmete edastamine veebipoe volitatud t\u00f6\u00f6tlejatele (nt transporditeenuse pakkuja ja andmemajutus) ja isikuandmete t\u00f6\u00f6tlemine toimub veebipoe ja volitatud t\u00f6\u00f6tlejatega s\u00f5lmitud lepingute alusel. Volitatud t\u00f6\u00f6tlejad on kohustatud tagama isikuandmete t\u00f6\u00f6tlemisel asjakohased kaitsemeetmed.<\/p><h4><b>ISIKUANDMETEGA TUTVUMINE JA PARANDAMINE<\/b><\/h4><p>Isikuandmetega saab tutvuda ja teha parandusi veebipoe kasutajaprofiilis. Kui ost on sooritatud ilma kasutajakontota, saab tutvuda isikuandmetega klinditoe vahendusel.<\/p><h4><b>N\u00d5USOLEKU TAGASIV\u00d5TMINE<\/b><\/h4><p>Kui isikundmete t\u00f6\u00f6tlemine toimub kliendi n\u00f5usoleku alusel, siis on kliendil \u00f5igus n\u00f5usolek tagasi v\u00f5tta, teavitades sellest kliendituge e-posti teel.<\/p><h4><b>S\u00c4ILITAMINE<\/b><\/h4><p>Veebipoe kliendikonto sulgemisel kustutatakse isikuandmed, v.a juhul, kui selliseid andmeid on vaja s\u00e4ilitada raamatupidamise jaoks v\u00f5i tarbijavaidluste lahendamiseks. Kui veebipoes on ost sooritatud ilma kliendikontota, siis s\u00e4ilitatakse ostuajalugu kolm aastat. Maksetega ja tarbijavaidlustega seotud vaidluste korral s\u00e4ilitatakse isikuandmed kuni n\u00f5ude t\u00e4itmiseni v\u00f5i aegumist\u00e4htaja l\u00f5puni (kolm aastat). Raamatupidamise jaoks vajalikud isikuandmed s\u00e4ilitatakse seitse aastat.<\/p><h4><b>KUSTUTAMINE<\/b><\/h4><p>Isikuandmete kustutamiseks tuleb v\u00f5tta \u00fchendust klienditoega e-posti teel. Kustutamistaotlusele vastatakse mitte hiljem kui kuu aja jooksul ning t\u00e4psustakse andmete kustutamise perioodi.<\/p><h4><b>\u00dcLEKANDMINE<\/b><\/h4><p><span lang=\"ET\">\u00dclekandmise taotlus tuleb esitada e-maili teel ning sellele<\/span>\u00a0vastatakse hiljemalt kuu aja jooksul. Klienditugi tuvastab isikusamasuse ja teavitab \u00fclekandmisele kohalduvatest isikuandmetest.\u00a0<\/p><h4><b>OTSETURU<\/b><b><span lang=\"ET\">ND<\/span><\/b><b>USTEATED<\/b><\/h4><p><span lang=\"ET\">Kliendi vastava n\u00f5usoleku alusel kasutatakse tema e-posti aadressi otseturundusteadete edastamiseks. Antud n\u00f5usolekust on kliendil v\u00f5imalik loobuda valides e-kirja jaluses vastava viite v\u00f5i kontakteerudes klienditoega. Isikuandmete<\/span>\u00a0otseturunduse eesm\u00e4rgil\u00a0<span lang=\"ET\">t\u00f6\u00f6tlemise ehk profileerimise suhtes,<\/span>\u00a0on kliendil \u00f5igus oma isikuandmete nii algse kui ka edasise t\u00f6\u00f6tlemise, sealhulgas otseturundusega seotud profiilianal\u00fc\u00fcsi tegemise suhtes igal ajal vastuv\u00e4iteid esitada, teavitades sellest kliendituge e-posti teel.\u00a0<\/p><h4><b>VAIDLUSTE LAHENDAMINE<\/b><\/h4><p>Isikuandmete t\u00f6\u00f6tlemisega seo<span lang=\"ET\">nduvaid\u00a0<\/span>vaidlus<span lang=\"ET\">i<\/span>\u00a0lahen<span lang=\"ET\">datakse klienditoe vahendusel (info@padelsport.ee)<\/span>. J\u00e4relevalve<span lang=\"ET\">t teostab<\/span>\u00a0Eesti Andmekaitse Inspektsioon (info@aki.ee).\u00a0<\/p>\t\t\t\t\t\t\t\t<\/div>\n\t\t\t\t<\/div>\n\t\t\t\t\t<\/div>\n\t\t\t\t<\/div>\n\t\t\t\t<\/div>","protected":false},"excerpt":{"rendered":"<p>PRIVAATSUSPOLIITIKA \u00a0 ISIKUANDMETE T\u00d6\u00d6TLEMINE \u00a0 www.padelsport.ee\u00a0e-poe\u00a0isikuandmete\u00a0t\u00f6\u00f6tlemise eest vastutab\u00a0Purity O\u00dc\u00a0(registrikood\u00a012626064) asukohaga\u00a0Sipelga 4-18, Tallinn, Eesti. Telefon\u00a0\u00a0+372 5645 1045,\u00a0e-post info@padelsport.ee Purity O\u00dc\u00a0edastab maksete teostamiseks vajalikud isikuandmed volitatud t\u00f6\u00f6tleja\u00a0Maksekeskus\u00a0AS-le. T\u00d6\u00d6DELDAVAD ISIKUANDMED: Andmesubjekti nimi, telefoninumber ja e-posti aadress kauba kohaletoimetamise aadress pangakonto number kaupade ja teenuste maksumus ja maksetega seotud andmed (ostuajalugu) klienditoe andmed \u00a0 ISIKUANDMETE T\u00d6\u00d6TLEMISE EESM\u00c4RK Isikuandmeid kasutatakse [&hellip;]<\/p>\n","protected":false},"author":6,"featured_media":0,"parent":0,"menu_order":0,"comment_status":"closed","ping_status":"closed","template":"elementor_header_footer","meta":{"footnotes":""},"class_list":["post-1003","page","type-page","status-publish","hentry"],"jetpack_sharing_enabled":true,"_links":{"self":[{"href":"https:\/\/padelsport.ee\/en\/wp-json\/wp\/v2\/pages\/1003","targetHints":{"allow":["GET"]}}],"collection":[{"href":"https:\/\/padelsport.ee\/en\/wp-json\/wp\/v2\/pages"}],"about":[{"href":"https:\/\/padelsport.ee\/en\/wp-json\/wp\/v2\/types\/page"}],"author":[{"embeddable":true,"href":"https:\/\/padelsport.ee\/en\/wp-json\/wp\/v2\/users\/6"}],"replies":[{"embeddable":true,"href":"https:\/\/padelsport.ee\/en\/wp-json\/wp\/v2\/comments?post=1003"}],"version-history":[{"count":5,"href":"https:\/\/padelsport.ee\/en\/wp-json\/wp\/v2\/pages\/1003\/revisions"}],"predecessor-version":[{"id":2175,"href":"https:\/\/padelsport.ee\/en\/wp-json\/wp\/v2\/pages\/1003\/revisions\/2175"}],"wp:attachment":[{"href":"https:\/\/padelsport.ee\/en\/wp-json\/wp\/v2\/media?parent=1003"}],"curies":[{"name":"wp","href":"https:\/\/api.w.org\/{rel}","templated":true}]}}